{"id":1472,"date":"2019-09-25T10:20:47","date_gmt":"2019-09-25T08:20:47","guid":{"rendered":"https:\/\/stage.kiga-waldhaeusl.de\/?page_id=1472"},"modified":"2019-09-25T10:20:47","modified_gmt":"2019-09-25T08:20:47","slug":"unser-besonderer-service","status":"publish","type":"page","link":"https:\/\/kiga-waldhaeusl.de\/cz\/unser-besonderer-service\/","title":{"rendered":"Unser besonderer Service"},"content":{"rendered":"<p>[vc_row][vc_column][vc_column_text]<\/p>\n<div class=\"csc-header csc-header-n1\">\n<h3>Hauseigenen Bus<\/h3>\n<p class=\"bodytext\">Mit dem hauseigenen Bus k\u00f6nnen weit entfernt wohnende Kinder abgeholt und wieder nach Hause gebracht werden. Auch lassen sich Ausfahrten in die n\u00e4here Umgebung, Sauna- und Schwimmbadbesuche leicht organisieren.<\/p>\n<p class=\"bodytext\">Zudem f\u00e4hrt unser Kinderbus jeden Monat Kinder auf einen Bauernhof, in die Erfinderkiste nach Oderwitz oder\/und in die Rumfahrkiste.<\/p>\n<p class=\"bodytext\">Er gibt uns die Chance, an wichtigen Angeboten teilzunehmen, da wir sehr weit weg vom Zittauer Stadtkern wohnen. So sind erste Schulkontakte, Theaterbesuche und dergleichen mehr viel leichter m\u00f6glich.<\/p>\n<h3>Gesundes Kochen<\/h3>\n<p>Unser Kinderhaus verf\u00fcgt \u00fcber eine eigene K\u00fcche. Dort kocht unsere K\u00f6chin sehr gesund. Das Obst und Gem\u00fcse stammt aus \u00f6kologischem Anbau, wird t\u00e4glich frisch von G\u00e4rtnern der n\u00e4heren Umgebung gekauft und frisch verarbeitet.<br \/>\nJedes Jahr bekommen wir nach dem Erntedank-Fest Obst und Gem\u00fcse aus einer nahe gelegenen Kirchgemeinde gespendet.<\/p>\n<\/div>\n<p>[\/vc_column_text][\/vc_column][\/vc_row]<\/p>\n","protected":false},"excerpt":{"rendered":"<p>[vc_row][vc_column][vc_column_text] Hauseigenen Bus Mit dem hauseigenen Bus k\u00f6nnen weit entfernt wohnende Kinder abgeholt und wieder nach Hause gebracht werden. Auch lassen sich Ausfahrten in die n\u00e4here Umgebung, Sauna- und Schwimmbadbesuche leicht organisieren. Zudem f\u00e4hrt unser Kinderbus jeden Monat Kinder auf einen Bauernhof, in die Erfinderkiste nach Oderwitz oder\/und in die Rumfahrkiste. Er gibt uns die [&hellip;]<\/p>\n","protected":false},"author":1,"featured_media":0,"parent":0,"menu_order":0,"comment_status":"closed","ping_status":"closed","template":"","meta":[],"_links":{"self":[{"href":"https:\/\/kiga-waldhaeusl.de\/cz\/wp-json\/wp\/v2\/pages\/1472"}],"collection":[{"href":"https:\/\/kiga-waldhaeusl.de\/cz\/wp-json\/wp\/v2\/pages"}],"about":[{"href":"https:\/\/kiga-waldhaeusl.de\/cz\/wp-json\/wp\/v2\/types\/page"}],"author":[{"embeddable":true,"href":"https:\/\/kiga-waldhaeusl.de\/cz\/wp-json\/wp\/v2\/users\/1"}],"replies":[{"embeddable":true,"href":"https:\/\/kiga-waldhaeusl.de\/cz\/wp-json\/wp\/v2\/comments?post=1472"}],"version-history":[{"count":3,"href":"https:\/\/kiga-waldhaeusl.de\/cz\/wp-json\/wp\/v2\/pages\/1472\/revisions"}],"predecessor-version":[{"id":1475,"href":"https:\/\/kiga-waldhaeusl.de\/cz\/wp-json\/wp\/v2\/pages\/1472\/revisions\/1475"}],"wp:attachment":[{"href":"https:\/\/kiga-waldhaeusl.de\/cz\/wp-json\/wp\/v2\/media?parent=1472"}],"curies":[{"name":"wp","href":"https:\/\/api.w.org\/{rel}","templated":true}]}}