{"id":1478,"date":"2019-09-25T10:35:11","date_gmt":"2019-09-25T08:35:11","guid":{"rendered":"https:\/\/stage.kiga-waldhaeusl.de\/?page_id=1478"},"modified":"2024-10-20T21:27:57","modified_gmt":"2024-10-20T19:27:57","slug":"das-team","status":"publish","type":"page","link":"https:\/\/kiga-waldhaeusl.de\/cz\/das-team\/","title":{"rendered":"T\u00fdm"},"content":{"rendered":"<p>[vc_row][vc_column][vc_mad_team_members columns=&#8220;3&#8243; items=&#8220;-1&#8243; orderby=&#8220;title&#8220; css_animation=&#8220;bounceInDown&#8220; categories=&#8220;8&#8243; title=&#8220;Leitungsteam&#8220;][vc_mad_team_members columns=&#8220;3&#8243; items=&#8220;-1&#8243; orderby=&#8220;title&#8220; order=&#8220;ASC&#8220; css_animation=&#8220;bounceInDown&#8220; categories=&#8220;25&#8243; title=&#8220;P\u00e4dagogen&#8220;][vc_mad_team_members columns=&#8220;3&#8243; items=&#8220;-1&#8243; css_animation=&#8220;bounceInDown&#8220; categories=&#8220;46&#8243; title=&#8220;K\u00f6chin&#8220;][\/vc_column][\/vc_row][vc_row][vc_column][vc_column_text]Unser Team besteht aus hoch motivierten Erzieherinnen und P\u00e4dagoginnen, die die Kinder liebevoll fordern und f\u00f6rdern. Heilp\u00e4dagogen, \u00a0eine Tschechisch-Muttersprachlerin und multiprofessionelle Unterst\u00fctzungskr\u00e4fte vervollst\u00e4ndigen unser Team.<\/p>\n<p>Wir arbeiten nach dem s\u00e4chsischen Bildungsplan. Durch die enge Zusammenarbeit mit den Grundschulen wird eine gute Schulvorbereitung gew\u00e4hrleistet. Alle Erzieherinnen sind mit den p\u00e4dagogischen Inhalten vom Haus der kleinen Forscher Berlin vertraut und ausgebildet. Dadurch wird ein fachgerechtes Experimentieren, Forschen und T\u00fcfteln mit den Kindern erm\u00f6glicht. Die Fachkr\u00e4fte erstellen gemeinsam mit den externen Zusatzkr\u00e4ften, bei Notwendigkeit unter Einbeziehung von Psychologen und\/oder Kinder\u00e4rzten, F\u00f6rderpl\u00e4ne f\u00fcr jedes in seiner Entwicklung beeintr\u00e4chtigte Kind.<\/p>\n<p>Unsere Arbeit wird durch die st\u00e4ndige Mitarbeit von Ergotherapeuten, Logop\u00e4den, manchmal auch durch Physiotherapeuten, unserer K\u00f6chin und anderen Zusatzkr\u00e4ften unterst\u00fctzt. Zus\u00e4tzlich gibt es in unserem Haus Ausbildungspl\u00e4tze f\u00fcr Erzieher \u2013 und Ergotherapeutenpraktikanten, sowie eine Stelle f\u00fcr ein berufsvorbereitendes Praxisjahr. Durch die Ausbildung der Praktikanten gibt es enge Kontakte zu Fachschule f\u00fcr Ergotherapie, Heilp\u00e4dagogik und Sozialp\u00e4dagogik. Unser Hausmeister und seine Helfer sind f\u00fcr die Pflege der Au\u00dfenanlagen zust\u00e4ndig.<\/p>\n<p>Als lernende Organisation entwickeln wir uns fortw\u00e4hrend weiter und orientieren uns stets an wissenschaftlichen Erkenntnissen und Qualit\u00e4tsstandards. Auch Fort- und Weiterbildungen sind f\u00fcr uns selbstverst\u00e4ndlich.<\/p>\n<p>Geleitet wird das Team von einer kaufm\u00e4nnischen Leitung -Betriebswirtin-, w\u00e4hrend die p\u00e4dagogische Leitung in den H\u00e4nden einer erfahrenen Erzieherin -mit Zusatzqualifikation Leitung- liegt.[\/vc_column_text][\/vc_column][\/vc_row]<\/p>\n","protected":false},"excerpt":{"rendered":"<p>[vc_row][vc_column][vc_mad_team_members columns=&#8220;3&#8243; items=&#8220;-1&#8243; orderby=&#8220;title&#8220; css_animation=&#8220;bounceInDown&#8220; categories=&#8220;8&#8243; title=&#8220;Leitungsteam&#8220;][vc_mad_team_members columns=&#8220;3&#8243; items=&#8220;-1&#8243; orderby=&#8220;title&#8220; order=&#8220;ASC&#8220; css_animation=&#8220;bounceInDown&#8220; categories=&#8220;25&#8243; title=&#8220;P\u00e4dagogen&#8220;][vc_mad_team_members columns=&#8220;3&#8243; items=&#8220;-1&#8243; css_animation=&#8220;bounceInDown&#8220; categories=&#8220;46&#8243; title=&#8220;K\u00f6chin&#8220;][\/vc_column][\/vc_row][vc_row][vc_column][vc_column_text]Unser Team besteht aus hoch motivierten Erzieherinnen und P\u00e4dagoginnen, die die Kinder liebevoll fordern und f\u00f6rdern. Heilp\u00e4dagogen, \u00a0eine Tschechisch-Muttersprachlerin und multiprofessionelle Unterst\u00fctzungskr\u00e4fte vervollst\u00e4ndigen unser Team. Wir arbeiten nach dem s\u00e4chsischen Bildungsplan. Durch die enge Zusammenarbeit mit den [&hellip;]<\/p>\n","protected":false},"author":1,"featured_media":0,"parent":0,"menu_order":0,"comment_status":"closed","ping_status":"closed","template":"","meta":[],"_links":{"self":[{"href":"https:\/\/kiga-waldhaeusl.de\/cz\/wp-json\/wp\/v2\/pages\/1478"}],"collection":[{"href":"https:\/\/kiga-waldhaeusl.de\/cz\/wp-json\/wp\/v2\/pages"}],"about":[{"href":"https:\/\/kiga-waldhaeusl.de\/cz\/wp-json\/wp\/v2\/types\/page"}],"author":[{"embeddable":true,"href":"https:\/\/kiga-waldhaeusl.de\/cz\/wp-json\/wp\/v2\/users\/1"}],"replies":[{"embeddable":true,"href":"https:\/\/kiga-waldhaeusl.de\/cz\/wp-json\/wp\/v2\/comments?post=1478"}],"version-history":[{"count":38,"href":"https:\/\/kiga-waldhaeusl.de\/cz\/wp-json\/wp\/v2\/pages\/1478\/revisions"}],"predecessor-version":[{"id":2393,"href":"https:\/\/kiga-waldhaeusl.de\/cz\/wp-json\/wp\/v2\/pages\/1478\/revisions\/2393"}],"wp:attachment":[{"href":"https:\/\/kiga-waldhaeusl.de\/cz\/wp-json\/wp\/v2\/media?parent=1478"}],"curies":[{"name":"wp","href":"https:\/\/api.w.org\/{rel}","templated":true}]}}