{"id":1512,"date":"2019-09-27T08:19:17","date_gmt":"2019-09-27T06:19:17","guid":{"rendered":"https:\/\/stage.kiga-waldhaeusl.de\/?page_id=1512"},"modified":"2020-01-22T08:58:10","modified_gmt":"2020-01-22T07:58:10","slug":"kindergarten","status":"publish","type":"page","link":"https:\/\/kiga-waldhaeusl.de\/cz\/kindergarten\/","title":{"rendered":"Mate\u0159sk\u00e1 \u0161kolka"},"content":{"rendered":"<p>[vc_row][vc_column][vc_column_text]<\/p>\n<h3>Optimale Bedingungen f\u00fcr p\u00e4dagogische Angebote<\/h3>\n<p>[\/vc_column_text][\/vc_column][vc_column][vc_single_image image=&#8220;1802&#8243; img_size=&#8220;large&#8220; alignment=&#8220;center&#8220;][\/vc_column][vc_column][vc_column_text]Unser Kinderhaus liegt im ruhigen Ort Eichgraben unweit der Stadt Zittau im Dreil\u00e4ndereck zu Polen und Tschechien in etwa 5 km Entfernung und besticht durch seine landschaftlich reizvolle Lage am Fu\u00dfe des Zittauer Gebirges.<br \/>\nIdyllisch am Waldrand gelegen und fernab vom Stra\u00dfenl\u00e4rm liegt das \u201eWaldh\u00e4usl\u201c mit seinen besonderen Angeboten.<\/p>\n<h5>Helle Gruppenr\u00e4ume<\/h5>\n<p>Unsere Gruppenr\u00e4ume sind hell und gro\u00dfr\u00e4umig sowie einfach gestaltet, um die Kinder nicht mit visuellen Reizen zu \u00fcberfluten.<\/p>\n<h5>Bewegungsraum<\/h5>\n<p>Weiterhin verf\u00fcgt unser Kinderhaus \u00fcber einen Raum, in dem sich die Kleinen austoben und sportlich bet\u00e4tigen k\u00f6nnen.<\/p>\n<h5>Unmittelbare Waldn\u00e4he<\/h5>\n<p>Ein besonderer Vorteil unserer Arbeit im Kindergarten ist die unmittelbare Waldn\u00e4he: frische, gesunde Luft und die N\u00e4he zur Natur bieten den Kindern gute Entwicklungschancen.<\/p>\n<h5>Gro\u00dfer Garten<\/h5>\n<p>Unser Kindergarten verf\u00fcgt \u00fcber einen gro\u00dfen Garten mit vielf\u00e4ltigen Spiel- und Kletterm\u00f6glichkeiten.<\/p>\n<h5>Blockhaus<\/h5>\n<p>Auch das Blockhaus in unserem Kindergarten stellt ein besonderes Erlebnis dar.<\/p>\n<h5>Wasserspielplatz<\/h5>\n<p>Im Garten unseres Kinderhauses bieten wir den Kinden einen sch\u00f6nen Wasserspielplatz.[\/vc_column_text][\/vc_column][\/vc_row][vc_row][vc_column][vc_images_carousel images=&#8220;1808,1807,1806,1805,1804,1810,1812,1815,1817&#8243; img_size=&#8220;large&#8220; slides_per_view=&#8220;3&#8243; autoplay=&#8220;yes&#8220; wrap=&#8220;yes&#8220;][\/vc_column][\/vc_row]<\/p>\n","protected":false},"excerpt":{"rendered":"<p>[vc_row][vc_column][vc_column_text] Optimale Bedingungen f\u00fcr p\u00e4dagogische Angebote [\/vc_column_text][\/vc_column][vc_column][vc_single_image image=&#8220;1802&#8243; img_size=&#8220;large&#8220; alignment=&#8220;center&#8220;][\/vc_column][vc_column][vc_column_text]Unser Kinderhaus liegt im ruhigen Ort Eichgraben unweit der Stadt Zittau im Dreil\u00e4ndereck zu Polen und Tschechien in etwa 5 km Entfernung und besticht durch seine landschaftlich reizvolle Lage am Fu\u00dfe des Zittauer Gebirges. Idyllisch am Waldrand gelegen und fernab vom Stra\u00dfenl\u00e4rm liegt das \u201eWaldh\u00e4usl\u201c mit [&hellip;]<\/p>\n","protected":false},"author":1,"featured_media":0,"parent":0,"menu_order":0,"comment_status":"closed","ping_status":"closed","template":"","meta":[],"_links":{"self":[{"href":"https:\/\/kiga-waldhaeusl.de\/cz\/wp-json\/wp\/v2\/pages\/1512"}],"collection":[{"href":"https:\/\/kiga-waldhaeusl.de\/cz\/wp-json\/wp\/v2\/pages"}],"about":[{"href":"https:\/\/kiga-waldhaeusl.de\/cz\/wp-json\/wp\/v2\/types\/page"}],"author":[{"embeddable":true,"href":"https:\/\/kiga-waldhaeusl.de\/cz\/wp-json\/wp\/v2\/users\/1"}],"replies":[{"embeddable":true,"href":"https:\/\/kiga-waldhaeusl.de\/cz\/wp-json\/wp\/v2\/comments?post=1512"}],"version-history":[{"count":14,"href":"https:\/\/kiga-waldhaeusl.de\/cz\/wp-json\/wp\/v2\/pages\/1512\/revisions"}],"predecessor-version":[{"id":2014,"href":"https:\/\/kiga-waldhaeusl.de\/cz\/wp-json\/wp\/v2\/pages\/1512\/revisions\/2014"}],"wp:attachment":[{"href":"https:\/\/kiga-waldhaeusl.de\/cz\/wp-json\/wp\/v2\/media?parent=1512"}],"curies":[{"name":"wp","href":"https:\/\/api.w.org\/{rel}","templated":true}]}}