{"id":1567,"date":"2019-11-19T10:21:31","date_gmt":"2019-11-19T09:21:31","guid":{"rendered":"https:\/\/stage.kiga-waldhaeusl.de\/?page_id=1567"},"modified":"2020-01-22T08:51:39","modified_gmt":"2020-01-22T07:51:39","slug":"familienbox","status":"publish","type":"page","link":"https:\/\/kiga-waldhaeusl.de\/cz\/familienbox\/","title":{"rendered":"Rodinn\u00e1 schr\u00e1nka"},"content":{"rendered":"<p>[vc_row][vc_column width=&#8220;1\/2&#8243;][vc_single_image image=&#8220;1701&#8243; img_size=&#8220;full&#8220;][\/vc_column][vc_column width=&#8220;1\/2&#8243;][vc_column_text]<\/p>\n<h3>Rodinn\u00e1 schr\u00e1nka<\/h3>\n<p class=\"text-size-medium\">Rodinn\u00e1 schr\u00e1nka je z\u00e1kladnou pro d\u011bti, rodi\u010de &#038; pedagogy\/pedago\u017eky k poskytnut\u00ed podn\u011bt\u016f ke spole\u010dn\u00e9 organizaci voln\u00e9ho \u010dasu, prov\u00e1d\u011bn\u00ed experiment\u016f, hran\u00ed a r\u00fdmov\u00e1n\u00ed, a t\u00edm k vz\u00e1jemn\u00e9mu probuzen\u00ed z\u00e1jmu \u2013 tak\u00e9 ven za hranice.<\/p>\n<p>[\/vc_column_text][vc_row_inner][vc_column_inner width=&#8220;1\/3&#8243;][vc_single_image image=&#8220;1563&#8243; img_size=&#8220;medium&#8220;][\/vc_column_inner][vc_column_inner width=&#8220;1\/3&#8243;][vc_single_image image=&#8220;1561&#8243; img_size=&#8220;medium&#8220;][\/vc_column_inner][vc_column_inner width=&#8220;1\/3&#8243;][vc_single_image image=&#8220;1562&#8243; img_size=&#8220;medium&#8220;][\/vc_column_inner][\/vc_row_inner][\/vc_column][\/vc_row][vc_row full_width=&#8220;stretch_row_content_no_spaces&#8220; css=&#8220;.vc_custom_1504182886990{background-color: #f6f6f6 !important;}&#8220;][vc_column width=&#8220;1\/2&#8243; css=&#8220;.vc_custom_1574158481603{padding-top: 20px !important;padding-right: 20px !important;padding-left: 20px !important;}&#8220;][vc_column_text]<\/p>\n<h3><img class=\" wp-image-1591 alignleft\" src=\"https:\/\/kiga-waldhaeusl.de\/wp-content\/uploads\/2019\/11\/IMG_0038neu-300x225.jpg\" alt=\"\" width=\"374\" height=\"281\" srcset=\"https:\/\/kiga-waldhaeusl.de\/wp-content\/uploads\/2019\/11\/IMG_0038neu-300x225.jpg 300w, https:\/\/kiga-waldhaeusl.de\/wp-content\/uploads\/2019\/11\/IMG_0038neu-1024x768.jpg 1024w, https:\/\/kiga-waldhaeusl.de\/wp-content\/uploads\/2019\/11\/IMG_0038neu-768x576.jpg 768w, https:\/\/kiga-waldhaeusl.de\/wp-content\/uploads\/2019\/11\/IMG_0038neu-1536x1152.jpg 1536w, https:\/\/kiga-waldhaeusl.de\/wp-content\/uploads\/2019\/11\/IMG_0038neu-2048x1536.jpg 2048w\" sizes=\"(max-width: 374px) 100vw, 374px\" \/>Experimenty a n\u00e1pady k b\u00e1d\u00e1n\u00ed pro d\u011bti<\/h3>\n<div class=\"text-wrap\">Objevujte a b\u00e1dejte spole\u010dn\u011b s va\u0161imi rodi\u010di! Zde najdete n\u00e1pady ke zkoum\u00e1n\u00ed, podn\u011bty a materi\u00e1ly.<\/div>\n<p>[\/vc_column_text][\/vc_column][vc_column width=&#8220;1\/2&#8243;][vc_tta_accordion color=&#8220;green&#8220; gap=&#8220;10&#8243; c_position=&#8220;right&#8220; active_section=&#8220;1&#8243;][vc_tta_section title=&#8220;Sopka&#8220; tab_id=&#8220;1574156098553-a3653c38-d754&#8243; el_class=&#8220;icon1&#8243;][vc_row_inner][vc_column_inner width=&#8220;1\/2&#8243;][vc_single_image image=&#8220;2007&#8243; img_size=&#8220;medium&#8220; onclick=&#8220;link_image&#8220;][\/vc_column_inner][vc_column_inner width=&#8220;1\/2&#8243;][vc_single_image image=&#8220;2008&#8243; img_size=&#8220;medium&#8220; onclick=&#8220;link_image&#8220;][\/vc_column_inner][\/vc_row_inner][\/vc_tta_section][vc_tta_section title=&#8220;M\u00fddlov\u00e9 bubliny jinak&#8220; tab_id=&#8220;1574156098577-499a472d-772c&#8220; el_class=&#8220;icon2&#8243;][vc_row_inner][vc_column_inner width=&#8220;1\/2&#8243;][vc_single_image image=&#8220;2009&#8243; img_size=&#8220;medium&#8220; onclick=&#8220;link_image&#8220;][\/vc_column_inner][vc_column_inner width=&#8220;1\/2&#8243;][vc_single_image image=&#8220;2010&#8243; img_size=&#8220;medium&#8220; onclick=&#8220;link_image&#8220;][\/vc_column_inner][\/vc_row_inner][\/vc_tta_section][vc_tta_section title=&#8220;Cukrov\u00e9 obr\u00e1zky&#8220; tab_id=&#8220;1574156132999-f51230af-c73d&#8220; el_class=&#8220;icon3&#8243;][vc_row_inner][vc_column_inner width=&#8220;1\/2&#8243;][vc_single_image image=&#8220;2011&#8243; img_size=&#8220;medium&#8220; onclick=&#8220;link_image&#8220;][\/vc_column_inner][vc_column_inner width=&#8220;1\/2&#8243;][vc_single_image image=&#8220;2012&#8243; img_size=&#8220;medium&#8220; onclick=&#8220;link_image&#8220;][\/vc_column_inner][\/vc_row_inner][\/vc_tta_section][\/vc_tta_accordion][\/vc_column][\/vc_row][vc_row full_width=&#8220;stretch_row_content_no_spaces&#8220;][vc_column][vc_separator color=&#8220;pink&#8220; style=&#8220;dotted&#8220; border_width=&#8220;2&#8243; css=&#8220;.vc_custom_1574849417995{margin-top: 20px !important;}&#8220;][\/vc_column][\/vc_row][vc_row full_width=&#8220;stretch_row_content_no_spaces&#8220; css=&#8220;.vc_custom_1574848811996{padding-top: 20px !important;padding-left: 20px !important;background-color: #f6f6f6 !important;}&#8220;][vc_column width=&#8220;1\/2&#8243; css=&#8220;.vc_custom_1574848778606{padding-left: 20px !important;}&#8220;][vc_tta_accordion color=&#8220;green&#8220; gap=&#8220;10&#8243; c_position=&#8220;right&#8220; active_section=&#8220;1&#8243;][vc_tta_section title=&#8220;d\u011btsk\u00e9 hry&#8220; tab_id=&#8220;1575018689903-cde5ee60-ab20&#8243; el_class=&#8220;icon4&#8243;][vc_column_text]<\/p>\n<h4>Ovce a vlk<\/h4>\n<p>D\u011bti si mezi sebou zvolily jednoho past\u00fd\u0159e (ov\u010d\u00e1ka) a jednoho vlka. Ostatn\u00ed byly ovce. Past\u00fd\u0159 (ov\u010d\u00e1k) st\u00e1l na jedn\u00e9 stran\u011b a asi 20 metr\u016f na druh\u00e9 stran\u011b st\u00e1ly ovce. Vlk st\u00e1l uprost\u0159ed. Pak n\u00e1sledoval dialog mezi past\u00fd\u0159em (ov\u010d\u00e1kem) a ovcemi.<br \/>\nOv\u010d\u00e1k: \u201cOve\u010dky, ove\u010dky, poj\u010fte dom\u016f!\u201d<br \/>\nOvce: \u201cNem\u016f\u017eeme!\u201d<br \/>\nOv\u010d\u00e1k: \u201cPro\u010d?\u201d<br \/>\nOvce: \u201cKv\u016fli vlkovi!\u201d<br \/>\nOv\u010d\u00e1k: \u201cKde je vlk?\u201d<br \/>\nOvce: \u201cB\u011bh\u00e1 v lese!\u201d<br \/>\nOv\u010d\u00e1k: \u201c Ove\u010dky, ove\u010dky poj\u010fte dom\u016f!\u201d<br \/>\nV tento okam\u017eik b\u011b\u017eely ovce k ov\u010d\u00e1kovi a ov\u010d\u00e1k k nim.<br \/>\nVlk vysko\u010dil z \u00fakrytu a zkou\u0161el ovce chytit.<br \/>\nOvce, kter\u00e9 chytil, se staly jeho pomocn\u00edky a chytaly s n\u00edm v dal\u0161\u00edm pokra\u010dov\u00e1n\u00ed hry.<\/p>\n<h4>\u017d\u00e1by<\/h4>\n<p>Hra se hr\u00e1la v p\u00e1rech a p\u0159edstavovala sk\u00e1kaj\u00edc\u00ed \u017e\u00e1bu. Dv\u011b d\u011bti, v\u011bt\u0161inou chlapci, se k sob\u011b obr\u00e1tily z\u00e1dy. D\u011bti se dr\u017eely pevn\u011b p\u0159es lokty, v m\u00edrn\u00e9m pod\u0159epu sk\u00e1kaly.<\/p>\n<h4>Kole\u010dko<\/h4>\n<p>Op\u011bt se hr\u00e1lo v p\u00e1rech. Byla to imitace j\u00edzdy s kole\u010dkem. P\u00e1ry utvo\u0159ily dvoj\u0159ad. \u201cKole\u010dka\u201d se sna\u017eila \u201cprojet\u201dco nejrychleji vyzna\u010denou trasu.<br \/>\nD\u011bti, kter\u00e9 dr\u017eely nohy druh\u00e9ho d\u00edt\u011bte, volaly: \u201cKole\u010dka na prodej!\u201d \u2026[\/vc_column_text][\/vc_tta_section][vc_tta_section title=&#8220;V\u00fdsledky&#8220; tab_id=&#8220;1574848029119-06698cf0-cfb5&#8243; el_class=&#8220;icon5&#8243;][vc_row_inner][vc_column_inner width=&#8220;1\/5&#8243;][vc_single_image image=&#8220;1721&#8243; img_size=&#8220;medium&#8220; onclick=&#8220;link_image&#8220;][\/vc_column_inner][vc_column_inner width=&#8220;1\/5&#8243;][vc_single_image image=&#8220;1720&#8243; img_size=&#8220;medium&#8220; onclick=&#8220;link_image&#8220;][\/vc_column_inner][vc_column_inner width=&#8220;1\/5&#8243;][vc_single_image image=&#8220;1719&#8243; img_size=&#8220;medium&#8220; onclick=&#8220;link_image&#8220;][\/vc_column_inner][vc_column_inner width=&#8220;1\/5&#8243;][vc_single_image image=&#8220;1717&#8243; img_size=&#8220;medium&#8220; onclick=&#8220;link_image&#8220;][\/vc_column_inner][vc_column_inner width=&#8220;1\/5&#8243;][vc_single_image image=&#8220;1716&#8243; img_size=&#8220;medium&#8220; onclick=&#8220;link_image&#8220;][\/vc_column_inner][\/vc_row_inner][\/vc_tta_section][\/vc_tta_accordion][\/vc_column][vc_column width=&#8220;1\/2&#8243;][vc_column_text css=&#8220;.vc_custom_1579677616341{padding-left: 20px !important;}&#8220;]<\/p>\n<h3>\u0158\u00edkadla a hry<\/h3>\n<p>B\u011bhem na\u0161eho projektu jsme hr\u00e1li venku r\u016fzn\u00e9 tradi\u010dn\u00ed n\u011bmeck\u00e9 a \u010desk\u00e9 hry. P\u0159i tom d\u011bti uk\u00e1zaly, jak\u00e9 b\u00e1je\u010dn\u00e9 n\u00e1pady maj\u00ed. Tak se st\u00e1v\u00e1 jazykov\u00e1 podpora v nejopravdov\u011bj\u0161\u00edm smyslu d\u011btskou hrou!<br \/>\nHran\u00ed s \u0159\u00edkadly podporuje zam\u011bstn\u00e1n\u00ed se zvukovou str\u00e1nkou \u0159e\u010di a t\u00edm fonologick\u00e9 pov\u011bdom\u00ed (Kieschnick 2016). Ale pod\u00edvejte sami a hrajte s n\u00e1mi\u2026[\/vc_column_text][\/vc_column][\/vc_row][vc_row full_width=&#8220;stretch_row_content_no_spaces&#8220;][vc_column][vc_separator color=&#8220;pink&#8220; style=&#8220;dotted&#8220; border_width=&#8220;2&#8243; css=&#8220;.vc_custom_1574849483410{margin-top: 20px !important;}&#8220;][\/vc_column][\/vc_row][vc_row full_width=&#8220;stretch_row_content_no_spaces&#8220; css=&#8220;.vc_custom_1504599035648{margin-bottom: 20px !important;background-color: #f6f6f6 !important;}&#8220;][vc_column width=&#8220;1\/2&#8243; css=&#8220;.vc_custom_1574160442858{padding-top: 50px !important;padding-left: 20px !important;}&#8220;][vc_column_text css=&#8220;.vc_custom_1579677741503{padding-top: 20px !important;padding-right: 20px !important;padding-left: 20px !important;}&#8220;]<\/p>\n<h3>Jdeme na fotosafari \u2013 v u\u010debn\u00ed d\u00edln\u011b \u201eTruhla objev\u016f\u201c v Oderwitz!<\/h3>\n<div class=\"text-wrap\">Vybaveny digit\u00e1ln\u00edm fotoapar\u00e1tem se d\u011bti vyd\u00e1vaj\u00ed hledat detaily pro novou webovou str\u00e1nku. Tak se u\u010d\u00ed na z\u00e1klad\u011b ur\u010dit\u00fdch charakteristick\u00fdch atribut\u016f rozpozn\u00e1vat mali\u010dkosti a dozv\u00eddaj\u00ed se podrobnosti o designu webov\u00e9 str\u00e1nky.<\/div>\n<p>[\/vc_column_text][vc_tta_accordion color=&#8220;green&#8220; gap=&#8220;10&#8243; c_position=&#8220;right&#8220; active_section=&#8220;1&#8243; no_fill=&#8220;true&#8220;][vc_tta_section title=&#8220;Pot\u0159ebn\u00e9 vybaven\u00ed&#8220; tab_id=&#8220;1574160666208-a799be1b-041c&#8220; el_class=&#8220;icon6&#8243;][vc_column_text]<\/p>\n<ul>\n<li>n\u011bkolik digit\u00e1ln\u00edch fotoapar\u00e1t\u016f<\/li>\n<li>po\u010d\u00edta\u010d<\/li>\n<li>projektor<\/li>\n<\/ul>\n<p>[\/vc_column_text][\/vc_tta_section][vc_tta_section title=&#8220;Kompetence&#8220; tab_id=&#8220;1574160666236-3994f908-d477&#8243; el_class=&#8220;icon1&#8243;][vc_column_text]<\/p>\n<ul>\n<li>medi\u00e1ln\u00ed gramotnost: kritick\u00e9 zkoum\u00e1n\u00ed m\u00e9di\u00ed, mluven\u00ed o m\u00e9di\u00edch a jejich funkc\u00edch, rozpozn\u00e1v\u00e1n\u00ed m\u00e9di\u00ed jako n\u011b\u010deho lidmi vytvo\u0159en\u00e9ho<\/li>\n<li>kreativn\u00ed dovednosti: aktivn\u00ed tvorba m\u00e9di\u00ed a s m\u00e9dii<\/li>\n<li>kognitivn\u00ed kompetence: pou\u017e\u00edv\u00e1n\u00ed m\u00e9di\u00ed<\/li>\n<li>jazykov\u011b-komunika\u010dn\u00ed kompetence<\/li>\n<\/ul>\n<p>[\/vc_column_text][\/vc_tta_section][vc_tta_section title=&#8220;\u00davod&#8220; tab_id=&#8220;1574160708901-22bc5ca0-6756&#8243; el_class=&#8220;icon2&#8243;][vc_column_text]<strong>Rozhovor na t\u00e9ma Domovsk\u00e1 str\u00e1nka<\/strong><br \/>\nNe\u017e odch\u00e1z\u00edme s d\u011btmi na fotosafari, hovo\u0159\u00edme<br \/>\no aktu\u00e1ln\u00ed domovsk\u00e9 str\u00e1nce Waldh\u00e4uslu (Lesn\u00edho domku) a prohl\u00ed\u017e\u00edme si ji.<br \/>\nVypr\u00e1v\u00edme d\u011btem, co znamen\u00e1 fotosafari a o co p\u0159i tom jde \u2013 toti\u017e o pozorov\u00e1n\u00ed a fotografov\u00e1n\u00ed v\u011bt\u0161inou exotick\u00fdch zv\u00ed\u0159at.<\/p>\n<p><strong>Proveden\u00ed<\/strong><\/p>\n<p><strong>Jde se na to!<\/strong><\/p>\n<p>Vybaveny podle mo\u017enosti jedn\u00edm nebo v\u00edce digit\u00e1ln\u00edmi fotoapar\u00e1ty se d\u011bti vyd\u00e1vaj\u00ed na fotosafari u\u010debn\u00ed d\u00edlnou, resp. bl\u00edzk\u00fdm okol\u00edm mate\u0159sk\u00e9 \u0161kolky. \u00dakolem d\u011bt\u00ed je fotografovat detaily: lupy, pinzety, akce, aktivn\u00ed d\u011bti p\u0159i hran\u00ed, p\u0159evleky, loga, stoly, psac\u00ed stroje atd. D\u011bti, kter\u00e9 v ruce pr\u00e1v\u011b \u017e\u00e1dn\u00fd fotoapar\u00e1t nedr\u017e\u00ed, mohou pom\u00e1hat fotograf\u016fm a fotografk\u00e1m t\u00edm, \u017ee je upozor\u0148uj\u00ed na zaj\u00edmav\u00e9 objekty. Ka\u017ed\u00e9 d\u00edt\u011b sm\u00ed fotoapar\u00e1t alespo\u0148 jednou obsluhovat.<\/p>\n<p>&nbsp;<\/p>\n<p><strong>Reflexe a prezentace<\/strong><\/p>\n<p>Fotky se n\u00e1sledn\u011b ulo\u017e\u00ed v po\u010d\u00edta\u010di a jsou spole\u010dn\u011b prohl\u00ed\u017eeny a prodiskutov\u00e1ny:<\/p>\n<p><em>Kl\u00ed\u010dov\u00e9 ot\u00e1zky:\u00a0<\/em>Kde v\u0161ude a jak\u00e9 detaily jsme objevili? Bylo to t\u011b\u017ek\u00e9 objevit? Museli jsme dlouho hledat? Jak\u00fd pokus t\u011b zaj\u00edm\u00e1? Pro\u010d? Co m\u016f\u017eeme ve v\u0161ech experimentech objevit? Co je spole\u010dn\u00fdm znakem v u\u010debn\u00ed d\u00edln\u011b (barevn\u00e1 \u00faprava, n\u00e1pisy a loga, jeden v\u00fdrobek stoj\u00ed st\u0159edem, je vid\u011bt jedno balen\u00ed atd.)? Kter\u00e1 reklama se ti nejv\u00edce l\u00edb\u00ed, a kter\u00e1 nejm\u00e9n\u011b? Pro\u010d? Kter\u00e1 reklama je zvl\u00e1\u0161t\u011b n\u00e1padn\u00e1? Pro\u010d?[\/vc_column_text][\/vc_tta_section][\/vc_tta_accordion][\/vc_column][vc_column width=&#8220;1\/2&#8243; css=&#8220;.vc_custom_1574160973550{padding-top: 50px !important;padding-left: 20px !important;}&#8220;][vc_row_inner][vc_column_inner width=&#8220;1\/3&#8243;][vc_single_image image=&#8220;1597&#8243; img_size=&#8220;medium&#8220; style=&#8220;vc_box_rounded&#8220; onclick=&#8220;link_image&#8220;][\/vc_column_inner][vc_column_inner width=&#8220;1\/3&#8243;][vc_single_image image=&#8220;1598&#8243; img_size=&#8220;medium&#8220; style=&#8220;vc_box_rounded&#8220; onclick=&#8220;link_image&#8220;][\/vc_column_inner][vc_column_inner width=&#8220;1\/3&#8243;][vc_single_image image=&#8220;1600&#8243; img_size=&#8220;medium&#8220; style=&#8220;vc_box_rounded&#8220; onclick=&#8220;link_image&#8220;][\/vc_column_inner][\/vc_row_inner][vc_row_inner][vc_column_inner width=&#8220;1\/3&#8243;][vc_single_image image=&#8220;1617&#8243; img_size=&#8220;medium&#8220; onclick=&#8220;link_image&#8220;][\/vc_column_inner][vc_column_inner width=&#8220;1\/3&#8243;][vc_single_image image=&#8220;1618&#8243; img_size=&#8220;medium&#8220; onclick=&#8220;link_image&#8220;][\/vc_column_inner][vc_column_inner width=&#8220;1\/3&#8243;][vc_single_image image=&#8220;1765&#8243; img_size=&#8220;medium&#8220;][\/vc_column_inner][\/vc_row_inner][\/vc_column][\/vc_row]<\/p>\n","protected":false},"excerpt":{"rendered":"<p>[vc_row][vc_column width=&#8220;1\/2&#8243;][vc_single_image image=&#8220;1701&#8243; img_size=&#8220;full&#8220;][\/vc_column][vc_column width=&#8220;1\/2&#8243;][vc_column_text] Rodinn\u00e1 schr\u00e1nka Rodinn\u00e1 schr\u00e1nka je z\u00e1kladnou pro d\u011bti, rodi\u010de &#038; pedagogy\/pedago\u017eky k poskytnut\u00ed podn\u011bt\u016f ke spole\u010dn\u00e9 organizaci voln\u00e9ho \u010dasu, prov\u00e1d\u011bn\u00ed experiment\u016f, hran\u00ed a r\u00fdmov\u00e1n\u00ed, a t\u00edm k vz\u00e1jemn\u00e9mu probuzen\u00ed z\u00e1jmu \u2013 tak\u00e9 ven za hranice. [\/vc_column_text][vc_row_inner][vc_column_inner width=&#8220;1\/3&#8243;][vc_single_image image=&#8220;1563&#8243; img_size=&#8220;medium&#8220;][\/vc_column_inner][vc_column_inner width=&#8220;1\/3&#8243;][vc_single_image image=&#8220;1561&#8243; img_size=&#8220;medium&#8220;][\/vc_column_inner][vc_column_inner width=&#8220;1\/3&#8243;][vc_single_image image=&#8220;1562&#8243; img_size=&#8220;medium&#8220;][\/vc_column_inner][\/vc_row_inner][\/vc_column][\/vc_row][vc_row full_width=&#8220;stretch_row_content_no_spaces&#8220; css=&#8220;.vc_custom_1504182886990{background-color: #f6f6f6 !important;}&#8220;][vc_column width=&#8220;1\/2&#8243; [&hellip;]<\/p>\n","protected":false},"author":1,"featured_media":0,"parent":0,"menu_order":0,"comment_status":"closed","ping_status":"closed","template":"","meta":[],"_links":{"self":[{"href":"https:\/\/kiga-waldhaeusl.de\/cz\/wp-json\/wp\/v2\/pages\/1567"}],"collection":[{"href":"https:\/\/kiga-waldhaeusl.de\/cz\/wp-json\/wp\/v2\/pages"}],"about":[{"href":"https:\/\/kiga-waldhaeusl.de\/cz\/wp-json\/wp\/v2\/types\/page"}],"author":[{"embeddable":true,"href":"https:\/\/kiga-waldhaeusl.de\/cz\/wp-json\/wp\/v2\/users\/1"}],"replies":[{"embeddable":true,"href":"https:\/\/kiga-waldhaeusl.de\/cz\/wp-json\/wp\/v2\/comments?post=1567"}],"version-history":[{"count":79,"href":"https:\/\/kiga-waldhaeusl.de\/cz\/wp-json\/wp\/v2\/pages\/1567\/revisions"}],"predecessor-version":[{"id":2013,"href":"https:\/\/kiga-waldhaeusl.de\/cz\/wp-json\/wp\/v2\/pages\/1567\/revisions\/2013"}],"wp:attachment":[{"href":"https:\/\/kiga-waldhaeusl.de\/cz\/wp-json\/wp\/v2\/media?parent=1567"}],"curies":[{"name":"wp","href":"https:\/\/api.w.org\/{rel}","templated":true}]}}