{"id":1609,"date":"2019-11-19T12:09:46","date_gmt":"2019-11-19T11:09:46","guid":{"rendered":"https:\/\/stage.kiga-waldhaeusl.de\/?page_id=1609"},"modified":"2020-01-17T10:16:39","modified_gmt":"2020-01-17T09:16:39","slug":"gesundes-essen","status":"publish","type":"page","link":"https:\/\/kiga-waldhaeusl.de\/cz\/gesundes-essen\/","title":{"rendered":"Gesundes Essen"},"content":{"rendered":"<p>[vc_row][vc_column width=&#8220;1\/2&#8243;][vc_single_image image=&#8220;1826&#8243; img_size=&#8220;large&#8220;][\/vc_column][vc_column width=&#8220;1\/2&#8243;][vc_column_text]<\/p>\n<h3><strong>Wir kochen selbst!<\/strong><\/h3>\n<p>Das Waldh\u00e4usl Kinderhaus verf\u00fcgt \u00fcber eine <strong>hauseigene K\u00fcche<\/strong>, in der das Mittagessen frisch zubereitet wird. Wir legen Wert auf gesunde, ausgewogene und regionale Kost. Dabei spielt auch das Thema Nachhaltigkeit und die bewusste Verwendung von Lebensmitteln eine Rolle. Jeden Mittwoch gibt es ein reichhaltiges Fr\u00fchst\u00fccksbuffet. Neben einem abwechslungsreichen Mittagessen stehen den Kindern den ganzen Tag \u00fcber Obst und Getr\u00e4nke zur Verf\u00fcgung. Selbstverst\u00e4ndlich nehmen wir auf individuelle Essgewohnheiten oder medizinisch bedingte Einschr\u00e4nkungen, wie Allergien oder spezielle Di\u00e4ten, R\u00fccksicht.[\/vc_column_text][\/vc_column][\/vc_row]<\/p>\n","protected":false},"excerpt":{"rendered":"<p>[vc_row][vc_column width=&#8220;1\/2&#8243;][vc_single_image image=&#8220;1826&#8243; img_size=&#8220;large&#8220;][\/vc_column][vc_column width=&#8220;1\/2&#8243;][vc_column_text] Wir kochen selbst! Das Waldh\u00e4usl Kinderhaus verf\u00fcgt \u00fcber eine hauseigene K\u00fcche, in der das Mittagessen frisch zubereitet wird. Wir legen Wert auf gesunde, ausgewogene und regionale Kost. Dabei spielt auch das Thema Nachhaltigkeit und die bewusste Verwendung von Lebensmitteln eine Rolle. Jeden Mittwoch gibt es ein reichhaltiges Fr\u00fchst\u00fccksbuffet. Neben einem [&hellip;]<\/p>\n","protected":false},"author":1,"featured_media":0,"parent":0,"menu_order":0,"comment_status":"closed","ping_status":"closed","template":"","meta":[],"_links":{"self":[{"href":"https:\/\/kiga-waldhaeusl.de\/cz\/wp-json\/wp\/v2\/pages\/1609"}],"collection":[{"href":"https:\/\/kiga-waldhaeusl.de\/cz\/wp-json\/wp\/v2\/pages"}],"about":[{"href":"https:\/\/kiga-waldhaeusl.de\/cz\/wp-json\/wp\/v2\/types\/page"}],"author":[{"embeddable":true,"href":"https:\/\/kiga-waldhaeusl.de\/cz\/wp-json\/wp\/v2\/users\/1"}],"replies":[{"embeddable":true,"href":"https:\/\/kiga-waldhaeusl.de\/cz\/wp-json\/wp\/v2\/comments?post=1609"}],"version-history":[{"count":5,"href":"https:\/\/kiga-waldhaeusl.de\/cz\/wp-json\/wp\/v2\/pages\/1609\/revisions"}],"predecessor-version":[{"id":1948,"href":"https:\/\/kiga-waldhaeusl.de\/cz\/wp-json\/wp\/v2\/pages\/1609\/revisions\/1948"}],"wp:attachment":[{"href":"https:\/\/kiga-waldhaeusl.de\/cz\/wp-json\/wp\/v2\/media?parent=1609"}],"curies":[{"name":"wp","href":"https:\/\/api.w.org\/{rel}","templated":true}]}}