{"id":1632,"date":"2019-11-19T12:59:03","date_gmt":"2019-11-19T11:59:03","guid":{"rendered":"https:\/\/stage.kiga-waldhaeusl.de\/?page_id=1632"},"modified":"2019-11-19T12:59:03","modified_gmt":"2019-11-19T11:59:03","slug":"foej-in-der-experimentier-und-lernwerkstatt-erfinderkiste","status":"publish","type":"page","link":"https:\/\/kiga-waldhaeusl.de\/cz\/foej-in-der-experimentier-und-lernwerkstatt-erfinderkiste\/","title":{"rendered":"F\u00d6J in der Experimentier- und Lernwerkstatt &#8222;Erfinderkiste&#8220;"},"content":{"rendered":"<p>[vc_row][vc_column][vc_column_text]<\/p>\n<h3><strong>F\u00d6J in der Experimentier- und Lernwerkstatt &#8222;Erfinderkiste&#8220;<\/strong><\/h3>\n<p>Die Erfinderkiste ist eine Erlebnisst\u00e4tte f\u00fcr Kinder, die eine p\u00e4dagogisch wertvolle Freizeitbesch\u00e4ftigung f\u00fcr 3- bis 12-J\u00e4hrige bietet. Sie ist eine Bildungsst\u00e4tte f\u00fcr Jung &#038; Alt mit verschiedenen Entdecker-Bereichen: Technik zum Auseinanderschrauben, Wasserstrecke, Experimentierstation, Basteltisch, Hochebene und und und&#8230;<br \/>\nWir bieten Platz f\u00fcr Gruppen aber auch individuelle Projektarbeiten und Angebote f\u00fcr Schulklassen sowie Ganztagsangebote.<br \/>\nSie ist f\u00fcr Kinder und deren Eltern zum allgemeinen Besuch ge\u00f6ffnet oder bietet gen\u00fcgend Platz zur Ausrichtung von Kindergeburtstagen..<br \/>\nDie Aufgaben in der Erfinderkiste umfassen u.a. das Unterst\u00fctzen der Lernbegleitung bei der Forscherarbeit mit Kindern, Kitagruppen bzw. Schulklassen, Unterst\u00fctzung bei der Durchf\u00fchrung von Kindergeburtstagsfeiern, Projekttagen und Ganztagsangeboten sowie Hilfe beim Erarbeiten neuer Forscherprojekte f\u00fcr Kinder.[\/vc_column_text][\/vc_column][\/vc_row]<\/p>\n","protected":false},"excerpt":{"rendered":"<p>[vc_row][vc_column][vc_column_text] F\u00d6J in der Experimentier- und Lernwerkstatt &#8222;Erfinderkiste&#8220; Die Erfinderkiste ist eine Erlebnisst\u00e4tte f\u00fcr Kinder, die eine p\u00e4dagogisch wertvolle Freizeitbesch\u00e4ftigung f\u00fcr 3- bis 12-J\u00e4hrige bietet. Sie ist eine Bildungsst\u00e4tte f\u00fcr Jung &#038; Alt mit verschiedenen Entdecker-Bereichen: Technik zum Auseinanderschrauben, Wasserstrecke, Experimentierstation, Basteltisch, Hochebene und und und&#8230; Wir bieten Platz f\u00fcr Gruppen aber auch individuelle Projektarbeiten [&hellip;]<\/p>\n","protected":false},"author":1,"featured_media":0,"parent":0,"menu_order":0,"comment_status":"closed","ping_status":"closed","template":"","meta":[],"_links":{"self":[{"href":"https:\/\/kiga-waldhaeusl.de\/cz\/wp-json\/wp\/v2\/pages\/1632"}],"collection":[{"href":"https:\/\/kiga-waldhaeusl.de\/cz\/wp-json\/wp\/v2\/pages"}],"about":[{"href":"https:\/\/kiga-waldhaeusl.de\/cz\/wp-json\/wp\/v2\/types\/page"}],"author":[{"embeddable":true,"href":"https:\/\/kiga-waldhaeusl.de\/cz\/wp-json\/wp\/v2\/users\/1"}],"replies":[{"embeddable":true,"href":"https:\/\/kiga-waldhaeusl.de\/cz\/wp-json\/wp\/v2\/comments?post=1632"}],"version-history":[{"count":1,"href":"https:\/\/kiga-waldhaeusl.de\/cz\/wp-json\/wp\/v2\/pages\/1632\/revisions"}],"predecessor-version":[{"id":1635,"href":"https:\/\/kiga-waldhaeusl.de\/cz\/wp-json\/wp\/v2\/pages\/1632\/revisions\/1635"}],"wp:attachment":[{"href":"https:\/\/kiga-waldhaeusl.de\/cz\/wp-json\/wp\/v2\/media?parent=1632"}],"curies":[{"name":"wp","href":"https:\/\/api.w.org\/{rel}","templated":true}]}}