{"id":1633,"date":"2019-11-19T12:58:19","date_gmt":"2019-11-19T11:58:19","guid":{"rendered":"https:\/\/stage.kiga-waldhaeusl.de\/?page_id=1633"},"modified":"2020-01-17T10:58:35","modified_gmt":"2020-01-17T09:58:35","slug":"foej-im-integrativen-kinderhaus-waldhaeusl","status":"publish","type":"page","link":"https:\/\/kiga-waldhaeusl.de\/cz\/foej-im-integrativen-kinderhaus-waldhaeusl\/","title":{"rendered":"F\u00d6J im Integrativen Kinderhaus &#8222;Waldh\u00e4usl&#8220;"},"content":{"rendered":"<p>[vc_row][vc_column][vc_column_text]<\/p>\n<h3><strong>F\u00d6J im Integrativen Kinderhaus &#8222;Waldh\u00e4usl&#8220;<\/strong><\/h3>\n<p>Unsere naturnahe Einrichtung ist ein integrativer Kindergarten im Herzen des Zittauer Gebirges. Hier leben behinderte und nichtbehinderte Kinder gemeinsam. Wir sind eine kleine Einrichtung mit 59 Kindern, viel in der Natur und begleiten die Kinder auf dem Weg ihrer individuellen Entwicklung. Zu unseren Besonderheiten z\u00e4hlt unser gro\u00dfer, lichtdurchfluteter Bewegungsraum sowie unser gro\u00dfz\u00fcgiger Garten mit Kletterwand, Wald, B\u00e4chlein und Blockhaus.<\/p>\n<p>Die Freiwilligen bekommen bei uns einen Einblick in den Arbeitsalltag unserer Kindertageseinrichtung, unterst\u00fctzen das Fachpersonal, sammeln Erfahrungen im Umgang mit Kindern und k\u00f6nnen sich beruflich orientieren. Ebenso z\u00e4hlen unterst\u00fctzende hauswirtschaftliche T\u00e4tigkeiten und die Mithilfe in unserer hauseigene K\u00fcche zum Aufgabengebiet.[\/vc_column_text][\/vc_column][\/vc_row]<\/p>\n","protected":false},"excerpt":{"rendered":"<p>[vc_row][vc_column][vc_column_text] F\u00d6J im Integrativen Kinderhaus &#8222;Waldh\u00e4usl&#8220; Unsere naturnahe Einrichtung ist ein integrativer Kindergarten im Herzen des Zittauer Gebirges. Hier leben behinderte und nichtbehinderte Kinder gemeinsam. Wir sind eine kleine Einrichtung mit 59 Kindern, viel in der Natur und begleiten die Kinder auf dem Weg ihrer individuellen Entwicklung. Zu unseren Besonderheiten z\u00e4hlt unser gro\u00dfer, lichtdurchfluteter Bewegungsraum [&hellip;]<\/p>\n","protected":false},"author":1,"featured_media":0,"parent":0,"menu_order":0,"comment_status":"closed","ping_status":"closed","template":"","meta":[],"_links":{"self":[{"href":"https:\/\/kiga-waldhaeusl.de\/cz\/wp-json\/wp\/v2\/pages\/1633"}],"collection":[{"href":"https:\/\/kiga-waldhaeusl.de\/cz\/wp-json\/wp\/v2\/pages"}],"about":[{"href":"https:\/\/kiga-waldhaeusl.de\/cz\/wp-json\/wp\/v2\/types\/page"}],"author":[{"embeddable":true,"href":"https:\/\/kiga-waldhaeusl.de\/cz\/wp-json\/wp\/v2\/users\/1"}],"replies":[{"embeddable":true,"href":"https:\/\/kiga-waldhaeusl.de\/cz\/wp-json\/wp\/v2\/comments?post=1633"}],"version-history":[{"count":2,"href":"https:\/\/kiga-waldhaeusl.de\/cz\/wp-json\/wp\/v2\/pages\/1633\/revisions"}],"predecessor-version":[{"id":1958,"href":"https:\/\/kiga-waldhaeusl.de\/cz\/wp-json\/wp\/v2\/pages\/1633\/revisions\/1958"}],"wp:attachment":[{"href":"https:\/\/kiga-waldhaeusl.de\/cz\/wp-json\/wp\/v2\/media?parent=1633"}],"curies":[{"name":"wp","href":"https:\/\/api.w.org\/{rel}","templated":true}]}}