{"id":1641,"date":"2019-11-19T13:16:56","date_gmt":"2019-11-19T12:16:56","guid":{"rendered":"https:\/\/stage.kiga-waldhaeusl.de\/?page_id=1641"},"modified":"2020-01-17T10:21:26","modified_gmt":"2020-01-17T09:21:26","slug":"kontakt","status":"publish","type":"page","link":"https:\/\/kiga-waldhaeusl.de\/cz\/kontakt\/","title":{"rendered":"Kontakt"},"content":{"rendered":"<p>[vc_row css=&#8220;.vc_custom_1505713798906{padding-bottom: 50px !important;}&#8220;][vc_column][vc_gmaps link=&#8220;#E-8_JTNDaWZyYW1lJTIwc3JjJTNEJTIyaHR0cHMlM0ElMkYlMkZ3d3cuZ29vZ2xlLmNvbSUyRm1hcHMlMkZlbWJlZCUzRnBiJTNEJTIxMW0xOCUyMTFtMTIlMjExbTMlMjExZDI1MTguNDU4OTEyNTM1MTQ2NyUyMTJkMTQuNzg4OTgxMzE1OTA3MjMzJTIxM2Q1MC44NTk3MDMzNjU2NzIxMDQlMjEybTMlMjExZjAlMjEyZjAlMjEzZjAlMjEzbTIlMjExaTEwMjQlMjEyaTc2OCUyMTRmMTMuMSUyMTNtMyUyMTFtMiUyMTFzMHg0NzA5M2RhNGZhOGY4NGViJTI1M0EweGFmNzAyZjk0NzQ1YjRhNjglMjEyc0xpbG8tSGVycm1hbm4tV2VnJTI1MjA4JTI1MkMlMjUyMDAyNzYzJTI1MjBaaXR0YXUlMjE1ZTAlMjEzbTIlMjExc2RlJTIxMnNkZSUyMTR2MTU3NDE2NjExMTIyNCUyMTVtMiUyMTFzZGUlMjEyc2RlJTIyJTIwd2lkdGglM0QlMjI2MDAlMjIlMjBoZWlnaHQlM0QlMjI0NTAlMjIlMjBmcmFtZWJvcmRlciUzRCUyMjAlMjIlMjBzdHlsZSUzRCUyMmJvcmRlciUzQTAlM0IlMjIlMjBhbGxvd2Z1bGxzY3JlZW4lM0QlMjIlMjIlM0UlM0MlMkZpZnJhbWUlM0U=&#8220; css_animation=&#8220;bounceIn&#8220;][\/vc_column][\/vc_row][vc_row][vc_column width=&#8220;1\/3&#8243;][vc_column_text css=&#8220;.vc_custom_1574166060579{margin-bottom: 30px !important;padding-bottom: 0px !important;}&#8220;]<\/p>\n<h3>Kontakt Info<\/h3>\n<p>[\/vc_column_text][vc_mad_info_block tag_title=&#8220;h3&#8243; type=&#8220;type-4 style-2&#8243; columns=&#8220;1&#8243; title_color=&#8220;#f05e21&#8243; icon_color=&#8220;#f05e21&#8243;][vc_mad_info_block_item icon=&#8220;licon-map-marker&#8220; title=&#8220;adresa&#8220; link=&#8220;|||&#8220;]Lilo-Herrmann-Weg 8, 02763 Zittau\/Eichgraben[\/vc_mad_info_block_item][vc_mad_info_block_item icon=&#8220;licon-telephone&#8220; title=&#8220;telefon&#8220; link=&#8220;|||&#8220;]03583 684263[\/vc_mad_info_block_item][vc_mad_info_block_item icon=&#8220;licon-at-sign&#8220; title=&#8220;kontakt&#8220; link=&#8220;|||&#8220;]<a class=\"link-text\" href=\"info@kiga-waldhaeusl.de\">info@kiga-waldhaeusl.de<\/a>[\/vc_mad_info_block_item][vc_mad_info_block_item icon=&#8220;licon-clock3&#8243; title=&#8220;otev\u00edrac\u00ed doba&#8220; link=&#8220;|||&#8220;]Montag\u2013 Freitag 6:00 \u2013 17:00 Uhr[\/vc_mad_info_block_item][\/vc_mad_info_block][\/vc_column][vc_column width=&#8220;2\/3&#8243;]<div role=\"form\" class=\"wpcf7\" id=\"wpcf7-f460-o1\" lang=\"en-US\" dir=\"ltr\">\n<div class=\"screen-reader-response\"><p role=\"status\" aria-live=\"polite\" aria-atomic=\"true\"><\/p> <ul><\/ul><\/div>\n<form action=\"\/cz\/wp-json\/wp\/v2\/pages\/1641#wpcf7-f460-o1\" method=\"post\" class=\"wpcf7-form init\" novalidate=\"novalidate\" data-status=\"init\">\n<div style=\"display: none;\">\n<input type=\"hidden\" name=\"_wpcf7\" value=\"460\" \/>\n<input type=\"hidden\" name=\"_wpcf7_version\" value=\"5.5.6\" \/>\n<input type=\"hidden\" name=\"_wpcf7_locale\" value=\"en_US\" \/>\n<input type=\"hidden\" name=\"_wpcf7_unit_tag\" value=\"wpcf7-f460-o1\" \/>\n<input type=\"hidden\" name=\"_wpcf7_container_post\" value=\"0\" \/>\n<input type=\"hidden\" name=\"_wpcf7_posted_data_hash\" value=\"\" \/>\n<input type=\"hidden\" name=\"lang\" value=\"cz\" \/>\n<input type=\"hidden\" name=\"_wpcf7_recaptcha_response\" value=\"\" \/>\n<\/div>\n<div class=\"contact-form flex-type\">\n<div class=\"contact-col-2\"><span class=\"wpcf7-form-control-wrap your-name\"><input type=\"text\" name=\"your-name\" value=\"\" size=\"40\" class=\"wpcf7-form-control wpcf7-text wpcf7-validates-as-required\" aria-required=\"true\" aria-invalid=\"false\" placeholder=\"Jm\u00e9no\" \/><\/span><\/div>\n<div class=\"contact-col-2\"><span class=\"wpcf7-form-control-wrap your-email\"><input type=\"email\" name=\"your-email\" value=\"\" size=\"40\" class=\"wpcf7-form-control wpcf7-text wpcf7-email wpcf7-validates-as-required wpcf7-validates-as-email\" aria-required=\"true\" aria-invalid=\"false\" placeholder=\"E-mail\" \/><\/span><\/div>\n<div class=\"contact-col\"><span class=\"wpcf7-form-control-wrap your-subject\"><input type=\"text\" name=\"your-subject\" value=\"\" size=\"40\" class=\"wpcf7-form-control wpcf7-text\" aria-invalid=\"false\" placeholder=\"P\u0159edm\u011bt\" \/><\/span><\/div>\n<div class=\"contact-col\"><span class=\"wpcf7-form-control-wrap your-message\"><textarea name=\"your-message\" cols=\"40\" rows=\"10\" class=\"wpcf7-form-control wpcf7-textarea\" aria-invalid=\"false\" placeholder=\"Zpr\u00e1va\"><\/textarea><\/span><\/div>\n<div class=\"contact-col\"><input type=\"hidden\" name=\"_wpcf7_captcha_challenge_captcha-1\" value=\"757141728\" \/><img class=\"wpcf7-form-control wpcf7-captchac wpcf7-captcha-captcha-1\" width=\"72\" height=\"24\" alt=\"captcha\" src=\"https:\/\/kiga-waldhaeusl.de\/wp-content\/uploads\/wpcf7_captcha\/757141728.png\" \/> Zadejte pros\u00edm zobrazen\u00e1 p\u00edsmena\/\u010d\u00edsla <span class=\"wpcf7-form-control-wrap captcha-1\"><input type=\"text\" name=\"captcha-1\" value=\"\" size=\"40\" class=\"wpcf7-form-control wpcf7-captchar\" autocomplete=\"off\" aria-invalid=\"false\" \/><\/span>\n<\/div>\n<div class=\"contact-col\"><span class=\"wpcf7-form-control-wrap acceptance-570\"><span class=\"wpcf7-form-control wpcf7-acceptance\"><span class=\"wpcf7-list-item\"><label><input type=\"checkbox\" name=\"acceptance-570\" value=\"1\" aria-invalid=\"false\" \/><span class=\"wpcf7-list-item-label\">P\u0159e\u010detl jsme si informace o ochran\u011b osobn\u00edch \u00fadaj\u016f a t\u00edmto s nimi souhlas\u00edm: Informace o ochran\u011b osobn\u00edch \u00fadaj\u016f byly odsouhlaseny<\/span><\/label><\/span><\/span><\/span><\/div>\n<p><input type=\"submit\" value=\"Odeslat\" class=\"wpcf7-form-control has-spinner wpcf7-submit\" \/>\n<\/p><\/div>\n<div class=\"wpcf7-response-output\" aria-hidden=\"true\"><\/div><\/form><\/div>[\/vc_column][\/vc_row]<\/p>\n","protected":false},"excerpt":{"rendered":"<p>[vc_row css=&#8220;.vc_custom_1505713798906{padding-bottom: 50px !important;}&#8220;][vc_column][vc_gmaps link=&#8220;#E-8_JTNDaWZyYW1lJTIwc3JjJTNEJTIyaHR0cHMlM0ElMkYlMkZ3d3cuZ29vZ2xlLmNvbSUyRm1hcHMlMkZlbWJlZCUzRnBiJTNEJTIxMW0xOCUyMTFtMTIlMjExbTMlMjExZDI1MTguNDU4OTEyNTM1MTQ2NyUyMTJkMTQuNzg4OTgxMzE1OTA3MjMzJTIxM2Q1MC44NTk3MDMzNjU2NzIxMDQlMjEybTMlMjExZjAlMjEyZjAlMjEzZjAlMjEzbTIlMjExaTEwMjQlMjEyaTc2OCUyMTRmMTMuMSUyMTNtMyUyMTFtMiUyMTFzMHg0NzA5M2RhNGZhOGY4NGViJTI1M0EweGFmNzAyZjk0NzQ1YjRhNjglMjEyc0xpbG8tSGVycm1hbm4tV2VnJTI1MjA4JTI1MkMlMjUyMDAyNzYzJTI1MjBaaXR0YXUlMjE1ZTAlMjEzbTIlMjExc2RlJTIxMnNkZSUyMTR2MTU3NDE2NjExMTIyNCUyMTVtMiUyMTFzZGUlMjEyc2RlJTIyJTIwd2lkdGglM0QlMjI2MDAlMjIlMjBoZWlnaHQlM0QlMjI0NTAlMjIlMjBmcmFtZWJvcmRlciUzRCUyMjAlMjIlMjBzdHlsZSUzRCUyMmJvcmRlciUzQTAlM0IlMjIlMjBhbGxvd2Z1bGxzY3JlZW4lM0QlMjIlMjIlM0UlM0MlMkZpZnJhbWUlM0U=&#8220; css_animation=&#8220;bounceIn&#8220;][\/vc_column][\/vc_row][vc_row][vc_column width=&#8220;1\/3&#8243;][vc_column_text css=&#8220;.vc_custom_1574166060579{margin-bottom: 30px !important;padding-bottom: 0px !important;}&#8220;] Kontakt Info [\/vc_column_text][vc_mad_info_block tag_title=&#8220;h3&#8243; type=&#8220;type-4 style-2&#8243; columns=&#8220;1&#8243; title_color=&#8220;#f05e21&#8243; icon_color=&#8220;#f05e21&#8243;][vc_mad_info_block_item icon=&#8220;licon-map-marker&#8220; title=&#8220;adresa&#8220; link=&#8220;|||&#8220;]Lilo-Herrmann-Weg 8, 02763 Zittau\/Eichgraben[\/vc_mad_info_block_item][vc_mad_info_block_item icon=&#8220;licon-telephone&#8220; title=&#8220;telefon&#8220; link=&#8220;|||&#8220;]03583 684263[\/vc_mad_info_block_item][vc_mad_info_block_item icon=&#8220;licon-at-sign&#8220; title=&#8220;kontakt&#8220; link=&#8220;|||&#8220;]info@kiga-waldhaeusl.de[\/vc_mad_info_block_item][vc_mad_info_block_item icon=&#8220;licon-clock3&#8243; title=&#8220;otev\u00edrac\u00ed doba&#8220; link=&#8220;|||&#8220;]Montag\u2013 Freitag 6:00 \u2013 17:00 Uhr[\/vc_mad_info_block_item][\/vc_mad_info_block][\/vc_column][vc_column width=&#8220;2\/3&#8243;][\/vc_column][\/vc_row]<\/p>\n","protected":false},"author":1,"featured_media":0,"parent":0,"menu_order":0,"comment_status":"closed","ping_status":"closed","template":"","meta":[],"_links":{"self":[{"href":"https:\/\/kiga-waldhaeusl.de\/cz\/wp-json\/wp\/v2\/pages\/1641"}],"collection":[{"href":"https:\/\/kiga-waldhaeusl.de\/cz\/wp-json\/wp\/v2\/pages"}],"about":[{"href":"https:\/\/kiga-waldhaeusl.de\/cz\/wp-json\/wp\/v2\/types\/page"}],"author":[{"embeddable":true,"href":"https:\/\/kiga-waldhaeusl.de\/cz\/wp-json\/wp\/v2\/users\/1"}],"replies":[{"embeddable":true,"href":"https:\/\/kiga-waldhaeusl.de\/cz\/wp-json\/wp\/v2\/comments?post=1641"}],"version-history":[{"count":9,"href":"https:\/\/kiga-waldhaeusl.de\/cz\/wp-json\/wp\/v2\/pages\/1641\/revisions"}],"predecessor-version":[{"id":1950,"href":"https:\/\/kiga-waldhaeusl.de\/cz\/wp-json\/wp\/v2\/pages\/1641\/revisions\/1950"}],"wp:attachment":[{"href":"https:\/\/kiga-waldhaeusl.de\/cz\/wp-json\/wp\/v2\/media?parent=1641"}],"curies":[{"name":"wp","href":"https:\/\/api.w.org\/{rel}","templated":true}]}}