{"id":1660,"date":"2019-11-19T14:19:29","date_gmt":"2019-11-19T13:19:29","guid":{"rendered":"https:\/\/stage.kiga-waldhaeusl.de\/?page_id=1660"},"modified":"2021-09-06T10:52:14","modified_gmt":"2021-09-06T08:52:14","slug":"impressum","status":"publish","type":"page","link":"https:\/\/kiga-waldhaeusl.de\/cz\/impressum\/","title":{"rendered":"Impressum"},"content":{"rendered":"<h1 class=\"content-header standard-content-width\">Impressum &#038; rechtliche Hinweise<\/h1>\n<div class=\"clear\"><\/div>\n<div class=\"content-text one-column\">\n<p>Diese Seite wird betrieben von:<\/p>\n<p>Kinderhaus &#8211; Waldh\u00e4usl e.V.<br \/>\nLilo-Herrmann-Weg 8<br \/>\n02763 Zittau\/Eichgraben<\/p>\n<p>Fon: +49 (0)3583 684263.<\/p>\n<p><strong>Pers\u00f6nlich haftende Gesellschafterin:<\/strong><br \/>\nKinderhaus &#8211; Waldh\u00e4usl e.V.<\/p>\n<p>Gesch\u00e4ftsf\u00fchrer:<br \/>\nGisela Glathe<\/p>\n<p>Vorstand:<br \/>\nOliver Moll<\/p>\n<p>Amtsgericht Zittau<br \/>\nGesch\u00e4ftsnummer im Vereinsregister: VR 64\/90<\/p>\n<h4>Inhaltlich Verantwortliche gem\u00e4\u00df \u00a7 10 Abs. 3 MDStV<\/h4>\n<p class=\"bodytext\">Julia Glathe (Kaufm\u00e4nnische Leitung des Vereins, Anschrift wie oben)<\/p>\n<p><strong>Haftungshinweis:\u00a0<\/strong><br \/>\nTrotz sorgf\u00e4ltiger inhaltlicher Kontrolle \u00fcbernehmen wir keine Haftung f\u00fcr die Inhalte externer Links. F\u00fcr den Inhalt der verlinkten Seiten sind ausschlie\u00dflich deren Betreiber verantwortlich.<\/p>\n<p>Alle Angaben und Ausk\u00fcnfte auf www.kiga-waldhaeusl.de erfolgen ohne Gew\u00e4hr.<\/p>\n<p><strong>technische Umsetzung:<\/strong><br \/>\nOliver Moll<br \/>\n<a href=\"mailto:info@oliver-moll.de\">info@oliver-moll.de<\/a><\/p>\n<\/div>\n","protected":false},"excerpt":{"rendered":"<p>Impressum &#038; rechtliche Hinweise Diese Seite wird betrieben von: Kinderhaus &#8211; Waldh\u00e4usl e.V. Lilo-Herrmann-Weg 8 02763 Zittau\/Eichgraben Fon: +49 (0)3583 684263. Pers\u00f6nlich haftende Gesellschafterin: Kinderhaus &#8211; Waldh\u00e4usl e.V. Gesch\u00e4ftsf\u00fchrer: Gisela Glathe Vorstand: Oliver Moll Amtsgericht Zittau Gesch\u00e4ftsnummer im Vereinsregister: VR 64\/90 Inhaltlich Verantwortliche gem\u00e4\u00df \u00a7 10 Abs. 3 MDStV Julia Glathe (Kaufm\u00e4nnische Leitung des Vereins, [&hellip;]<\/p>\n","protected":false},"author":1,"featured_media":0,"parent":0,"menu_order":0,"comment_status":"closed","ping_status":"closed","template":"","meta":[],"_links":{"self":[{"href":"https:\/\/kiga-waldhaeusl.de\/cz\/wp-json\/wp\/v2\/pages\/1660"}],"collection":[{"href":"https:\/\/kiga-waldhaeusl.de\/cz\/wp-json\/wp\/v2\/pages"}],"about":[{"href":"https:\/\/kiga-waldhaeusl.de\/cz\/wp-json\/wp\/v2\/types\/page"}],"author":[{"embeddable":true,"href":"https:\/\/kiga-waldhaeusl.de\/cz\/wp-json\/wp\/v2\/users\/1"}],"replies":[{"embeddable":true,"href":"https:\/\/kiga-waldhaeusl.de\/cz\/wp-json\/wp\/v2\/comments?post=1660"}],"version-history":[{"count":7,"href":"https:\/\/kiga-waldhaeusl.de\/cz\/wp-json\/wp\/v2\/pages\/1660\/revisions"}],"predecessor-version":[{"id":2246,"href":"https:\/\/kiga-waldhaeusl.de\/cz\/wp-json\/wp\/v2\/pages\/1660\/revisions\/2246"}],"wp:attachment":[{"href":"https:\/\/kiga-waldhaeusl.de\/cz\/wp-json\/wp\/v2\/media?parent=1660"}],"curies":[{"name":"wp","href":"https:\/\/api.w.org\/{rel}","templated":true}]}}