{"id":1941,"date":"2020-01-17T10:11:46","date_gmt":"2020-01-17T09:11:46","guid":{"rendered":"https:\/\/stage.kiga-waldhaeusl.de\/?page_id=1941"},"modified":"2020-01-23T10:07:43","modified_gmt":"2020-01-23T09:07:43","slug":"naturnahes-lernen","status":"publish","type":"page","link":"https:\/\/kiga-waldhaeusl.de\/cz\/naturnahes-lernen\/","title":{"rendered":"U\u010den\u00ed bl\u00edzk\u00e9 p\u0159\u00edrod\u011b"},"content":{"rendered":"<p>[vc_row][vc_column width=&#8220;1\/2&#8243;][vc_single_image image=&#8220;1824&#8243; img_size=&#8220;large&#8220;][\/vc_column][vc_column width=&#8220;1\/2&#8243;][vc_column_text]<\/p>\n<h3>Naturnahes Lernen<\/h3>\n<p>Unsere Lage im Zittauer Gebirge und das Gel\u00e4nde des Kindergartens bieten ideale Voraussetzungen f\u00fcr naturnahes Lernen. Unser naturbelassener Garten bietet vielf\u00e4ltige Anregungen und Besch\u00e4ftigungsm\u00f6glichkeiten. Wir beziehen das Umfeld der Kita ebenso mit ein, wie bspw. Spielpl\u00e4tze, Spielstra\u00dfe, B\u00e4chlein und Wiesen, die vielf\u00e4ltig strukturierte und anregende Umgebung, wie der Wald aber auch die nahegelegene Innenstadt Zittau mit ihren alten Bauwerken. Denn sie alle beeinflussen den psychischen und physischen Entwicklungsprozess der Kinder in vielf\u00e4ltiger Weise.<\/p>\n<p>&nbsp;<\/p>\n<p>Bewegung ist elementares kindliches Bed\u00fcrfnis. Freies, auch unwegsames Gel\u00e4nde ist ein Trainingsfeld zur Wahrnehmung der M\u00f6glichkeiten und F\u00e4higkeiten des eigenen K\u00f6rpers.<\/p>\n<p>Die Erfahrung und \u00dcberwindung unterschiedlicher Strecken und Distanzen sowie der Aufenthalt in freiem Gel\u00e4nde mit seinen wechselnden Gel\u00e4ndeoberfl\u00e4chen und Orten erfordern und f\u00f6rdern Rum- und Entfernungswahrnehmung, Orientierung und zeitliches Vorstellungsverm\u00f6gen.<\/p>\n<p>Der Aufenthalt im Freien leistet durch die F\u00f6rderung von Selbst\u00e4ndigkeit, Kreativit\u00e4t und Verantwortungsbewusstsein einen enormen Beitrag f\u00fcr eine gesunde k\u00f6rperliche, emotionale und soziale Entwicklung der Kinder.<\/p>\n<p>&nbsp;<\/p>\n<p>Die Kinder werden zudem sensibilisiert f\u00fcr das Entdecken und Erforschen ihrer Umgebung. Wir vermitteln\u00a0naturbezogenes und p\u00e4dagogisches Wissen und f\u00f6rdern den Erhalt von F\u00e4higkeiten zum Leben in und mit der Natur.\u00a0Ziel unserer Arbeit ist es, den Kindern Liebe und Respekt gegen\u00fcber der Natur zu vermitteln, um an ein nachhaltiges und\u00a0\u00f6kologisches Handeln und Leben heranzuf\u00fchren.<\/p>\n<p>&nbsp;<\/p>\n<p>Daher sind wir bei Wind und Wetter in unserem sch\u00f6nen Au\u00dfengel\u00e4nde unterwegs, erforschen die Umgebung mit all unseren Sinnen und genie\u00dfen das anregende naturnahe Spielen mit all seinen wunderbaren M\u00f6glichkeiten, die zum Forschen und Entdecken einladen..[\/vc_column_text][\/vc_column][\/vc_row]<\/p>\n","protected":false},"excerpt":{"rendered":"<p>[vc_row][vc_column width=&#8220;1\/2&#8243;][vc_single_image image=&#8220;1824&#8243; img_size=&#8220;large&#8220;][\/vc_column][vc_column width=&#8220;1\/2&#8243;][vc_column_text] Naturnahes Lernen Unsere Lage im Zittauer Gebirge und das Gel\u00e4nde des Kindergartens bieten ideale Voraussetzungen f\u00fcr naturnahes Lernen. Unser naturbelassener Garten bietet vielf\u00e4ltige Anregungen und Besch\u00e4ftigungsm\u00f6glichkeiten. Wir beziehen das Umfeld der Kita ebenso mit ein, wie bspw. Spielpl\u00e4tze, Spielstra\u00dfe, B\u00e4chlein und Wiesen, die vielf\u00e4ltig strukturierte und anregende Umgebung, wie der [&hellip;]<\/p>\n","protected":false},"author":1,"featured_media":0,"parent":0,"menu_order":0,"comment_status":"closed","ping_status":"closed","template":"","meta":[],"_links":{"self":[{"href":"https:\/\/kiga-waldhaeusl.de\/cz\/wp-json\/wp\/v2\/pages\/1941"}],"collection":[{"href":"https:\/\/kiga-waldhaeusl.de\/cz\/wp-json\/wp\/v2\/pages"}],"about":[{"href":"https:\/\/kiga-waldhaeusl.de\/cz\/wp-json\/wp\/v2\/types\/page"}],"author":[{"embeddable":true,"href":"https:\/\/kiga-waldhaeusl.de\/cz\/wp-json\/wp\/v2\/users\/1"}],"replies":[{"embeddable":true,"href":"https:\/\/kiga-waldhaeusl.de\/cz\/wp-json\/wp\/v2\/comments?post=1941"}],"version-history":[{"count":4,"href":"https:\/\/kiga-waldhaeusl.de\/cz\/wp-json\/wp\/v2\/pages\/1941\/revisions"}],"predecessor-version":[{"id":2018,"href":"https:\/\/kiga-waldhaeusl.de\/cz\/wp-json\/wp\/v2\/pages\/1941\/revisions\/2018"}],"wp:attachment":[{"href":"https:\/\/kiga-waldhaeusl.de\/cz\/wp-json\/wp\/v2\/media?parent=1941"}],"curies":[{"name":"wp","href":"https:\/\/api.w.org\/{rel}","templated":true}]}}