{"id":2247,"date":"2021-09-08T10:03:37","date_gmt":"2021-09-08T08:03:37","guid":{"rendered":"https:\/\/kiga-waldhaeusl.de\/?page_id=2247"},"modified":"2021-09-08T10:40:29","modified_gmt":"2021-09-08T08:40:29","slug":"stellenangebote","status":"publish","type":"page","link":"https:\/\/kiga-waldhaeusl.de\/cz\/stellenangebote\/","title":{"rendered":"Stellenangebote"},"content":{"rendered":"\n<h2>Wir suchen:<\/h2>\n\n\n\n<div class=\"wp-block-image\"><figure class=\"alignright size-large\"><img width=\"400\" height=\"300\" src=\"https:\/\/kiga-waldhaeusl.de\/wp-content\/uploads\/2021\/09\/jobs.jpg\" alt=\"\" class=\"wp-image-2266\" srcset=\"https:\/\/kiga-waldhaeusl.de\/wp-content\/uploads\/2021\/09\/jobs.jpg 400w, https:\/\/kiga-waldhaeusl.de\/wp-content\/uploads\/2021\/09\/jobs-300x225.jpg 300w\" sizes=\"(max-width: 400px) 100vw, 400px\" \/><\/figure><\/div>\n\n\n\n<h3>ErzieherIn\/ p\u00e4dagogische Fachkraft<\/h3>\n\n\n\n<p><strong>mit 30 Stunden pro Woche<\/strong><\/p>\n\n\n\n<p><em>Wenn Gummistiefel &#038; Regenjacke zu Deiner Grundausstattung geh\u00f6ren und Du am B\u00e4chlein D\u00e4mme bauen kannst, t\u00e4glich in der Natur sein willst, den Kindern ein wahrer Begleiter bist, der liebevoll authentisch ist und das Leben so leben will wie es ist, dann bewirb Dich bei uns als Erzieher\/in im Kiga des Zittauer Gebirges.<\/em><\/p>\n\n\n\n<p><strong>Wir geben Dir Raum, Dich mit Deinen Ideen, St\u00e4rken und Interessen einzubringen, damit unser Kindergarten ein wunderbarer Ort f\u00fcr die ganze Familie wird.<\/strong><\/p>\n\n\n\n<h5><em>Deine Aufgaben sind:<\/em><\/h5>\n\n\n\n<p>\u2022 die Begleitung und F\u00f6rderung von Kindern im Alter von 1 bis 6 Jahren<br>\u2022 Planung und Durchf\u00fchrung von p\u00e4dagogischen Angeboten sowie Projekten<br>\u2022 Beobachtung und Dokumentation der kindlichen Entwicklungsprozesse<br>\u2022 Zusammenarbeit mit Eltern<\/p>\n\n\n\n<p>\u2022 Umsetzung des s\u00e4chsischen Bildungsplanes.<\/p>\n\n\n\n<h5><em>Du bringst mit:<\/em><\/h5>\n\n\n\n<p>\u2022 eine abgeschlossene Ausbildung als Erzieher*in (m\/w\/d) oder eine vergleichbare anerkannte sozialp\u00e4dagogische Ausbildung<br>\u2022 Liebe zum Beruf, Leidenschaft und ein gro\u00dfes Herz f\u00fcr Familien<br>\u2022 Teamf\u00e4higkeit, Belastbarkeit, Flexibilit\u00e4t und Zuverl\u00e4ssigkeit<br>\u2022 Hohe fachliche Kompetenz, Verantwortungsbewusstsein und Engagement<br>\u2022 Kreativit\u00e4t und Offenheit gegen\u00fcber neuen Herausforderungen<br>\u2022 eigenverantwortliches und selbstst\u00e4ndiges Arbeiten<\/p>\n\n\n\n<h5><em>Wir bieten Dir:<\/em><em><\/em><\/h5>\n\n\n\n<p>\u2022 einen Kindergarten mit naturnahem Konzept<br>\u2022 ein&nbsp; gutes Arbeitsklima in einem motivierten Team<br>\u2022 ein vielf\u00e4ltiges Aufgabenfeld bei der Weiterentwicklung unserer Kita<br>\u2022 eine tarifgerechte Verg\u00fctung<br>\u2022 Finanzierung von Fort- und Weiterbildungen<br>\u2022 t\u00e4glich frisch zubereitetes Mittagessen aus unserer hauseigenen K\u00fcche<br>\u2022 fortschrittlicher Arbeitsplatz mit zeitgem\u00e4\u00dfer Ausstattung, u.a. Digitale Medie<\/p>\n\n\n\n<p><em><strong>Wir freuen wir uns \u00fcber Deine Bewerbung:<\/strong><\/em><\/p>\n\n\n\n<p>Integrativer Kindergarten Waldh\u00e4usl, Lilo-Herrmann-Weg 8, 02763 Zittau\/ Eichgraben<\/p>\n\n\n\n<p>F\u00fcr R\u00fcckfragen melde dich gern unter 03583 \/ 684263 oder<strong> <\/strong><a href=\"mailto:bewerbung@kiga-waldhaeusl.de\">bewerbung@kiga-waldhaeusl.de<\/a><\/p>\n\n\n\n<hr class=\"wp-block-separator is-style-default\"\/>\n\n\n\n<h3>Interessenten f\u00fcr Ausbildung zum Erzieher, Heilp\u00e4dagoge<\/h3>\n\n\n\n<p><strong>oder eine vergleichbare anerkannte sozialp\u00e4dagogische Ausbildung<\/strong><strong> <\/strong><strong>(m\/w\/d)<\/strong><\/p>\n\n\n\n<ul><li><strong>Berufsbegleitend &#8211;<\/strong><\/li><\/ul>\n\n\n\n<p><em>Wenn Gummistiefel &#038; Regenjacke zu Deiner Grundausstattung geh\u00f6ren und Du am B\u00e4chlein D\u00e4mme bauen kannst, t\u00e4glich in der Natur sein willst, den Kindern ein wahrer Begleiter bist, der liebevoll authentisch ist und das Leben so leben will wie es ist, dann bewirb Dich bei uns als Erzieher\/in im Kiga des Zittauer Gebirges.<\/em><\/p>\n\n\n\n<p><strong>Wir geben Dir Raum, Dich mit Deinen Ideen, St\u00e4rken und Interessen einzubringen, damit unser Kindergarten ein wunderbarer Ort f\u00fcr die ganze Familie wird.<\/strong><\/p>\n\n\n\n<h5><em>Deine Aufgaben sind:<\/em><\/h5>\n\n\n\n<p>\u2022 die Begleitung und F\u00f6rderung von Kindern im Alter von 1 bis 6 Jahren<br>\u2022 Planung und Durchf\u00fchrung von p\u00e4dagogischen Angeboten sowie Projekten<br>\u2022 Beobachtung und Dokumentation der kindlichen Entwicklungsprozesse<br>\u2022 Zusammenarbeit mit Eltern<br>\u2022 Umsetzung des s\u00e4chsischen Bildungsplanes.<\/p>\n\n\n\n<h5><em>Du bringst mit:<\/em><\/h5>\n\n\n\n<p>\u2022 Interesse zur Erlernung des o.g. Berufes und hohe Belastbarkeit zur berufsbegleitenden Ausbildung<br>\u2022 Leidenschaft, Interesse und ein gro\u00dfes Herz f\u00fcr Kinder &#038; Familien<br>\u2022 Teamf\u00e4higkeit, Flexibilit\u00e4t und Zuverl\u00e4ssigkeit<br>\u2022 Verantwortungsbewusstsein und Engagement<br>\u2022 Kreativit\u00e4t und Offenheit gegen\u00fcber neuen Herausforderungen<\/p>\n\n\n\n<h5><em>Wir bieten Dir:<\/em><em><\/em><\/h5>\n\n\n\n<p>\u2022 einen Kindergarten mit naturnahem Konzept<br>\u2022 ein&nbsp; gutes Arbeitsklima in einem motivierten Team<br>\u2022 ein vielf\u00e4ltiges Aufgabenfeld bei der Weiterentwicklung unserer Kita<br>\u2022 eine tarifgerechte Verg\u00fctung<br>\u2022 Finanzierung von Fort- und Weiterbildungen<br>\u2022 t\u00e4glich frisch zubereitetes Mittagessen aus unserer hauseigenen K\u00fcche<br>\u2022 fortschrittlicher Arbeitsplatz mit zeitgem\u00e4\u00dfer Ausstattung, u.a. Digitale Medien<\/p>\n\n\n\n<p><em><strong>Wir freuen wir uns \u00fcber Deine Bewerbung:<\/strong><\/em><\/p>\n\n\n\n<p>Integrativer Kindergarten Waldh\u00e4usl, Lilo-Herrmann-Weg 8, 02763 Zittau\/ Eichgraben<\/p>\n\n\n\n<p>F\u00fcr R\u00fcckfragen melde dich gern unter 03583 \/ 684263 oder<a href=\"mailto:bewerbung@kiga-waldhaeusl.de\">bewerbung@kiga-waldhaeusl.de<\/a><\/p>\n\n\n\n<p><strong><em>Wenn Du mehr wissen m\u00f6chtest:<\/em><\/strong><\/p>\n\n\n\n<p>Wie wir arbeiten, was uns wichtig ist, was uns ausmacht, wer wir sind?:<br><a href=\"http:\/\/www.kiga-waldhaeusl.de\">www.kiga-waldhaeusl.de<\/a><\/p>\n\n\n\n<hr class=\"wp-block-separator is-style-default\"\/>\n\n\n\n<h3>F\u00d6J im Integrativen Kinderhaus &#8222;Waldh\u00e4usl&#8220;<\/h3>\n\n\n\n<p>Unsere naturnahe Einrichtung ist ein integrativer Kindergarten im Herzen des Zittauer Gebirges. Hier leben behinderte und nichtbehinderte Kinder gemeinsam. Wir sind eine kleine Einrichtung mit 59 Kindern, viel in der Natur und begleiten die Kinder auf dem Weg ihrer individuellen Entwicklung. Zu unseren Besonderheiten z\u00e4hlt unser gro\u00dfer, lichtdurchfluteter Bewegungsraum sowie unser gro\u00dfz\u00fcgiger Garten mit Kletterwand, Wald, B\u00e4chlein und Blockhaus.<\/p>\n\n\n\n<p>Die Freiwilligen bekommen bei uns einen Einblick in den Arbeitsalltag unserer Kindertageseinrichtung, unterst\u00fctzen das Fachpersonal, sammeln Erfahrungen im Umgang mit Kindern und k\u00f6nnen sich beruflich orientieren. Ebenso z\u00e4hlen unterst\u00fctzende hauswirtschaftliche T\u00e4tigkeiten und die Mithilfe in unserer hauseigene K\u00fcche zum Aufgabengebiet.<\/p>\n","protected":false},"excerpt":{"rendered":"<p>Wir suchen: ErzieherIn\/ p\u00e4dagogische Fachkraft mit 30 Stunden pro Woche Wenn Gummistiefel &#038; Regenjacke zu Deiner Grundausstattung geh\u00f6ren und Du am B\u00e4chlein D\u00e4mme bauen kannst, t\u00e4glich in der Natur sein willst, den Kindern ein wahrer Begleiter bist, der liebevoll authentisch ist und das Leben so leben will wie es ist, dann bewirb Dich bei uns [&hellip;]<\/p>\n","protected":false},"author":1,"featured_media":0,"parent":0,"menu_order":0,"comment_status":"closed","ping_status":"closed","template":"","meta":[],"_links":{"self":[{"href":"https:\/\/kiga-waldhaeusl.de\/cz\/wp-json\/wp\/v2\/pages\/2247"}],"collection":[{"href":"https:\/\/kiga-waldhaeusl.de\/cz\/wp-json\/wp\/v2\/pages"}],"about":[{"href":"https:\/\/kiga-waldhaeusl.de\/cz\/wp-json\/wp\/v2\/types\/page"}],"author":[{"embeddable":true,"href":"https:\/\/kiga-waldhaeusl.de\/cz\/wp-json\/wp\/v2\/users\/1"}],"replies":[{"embeddable":true,"href":"https:\/\/kiga-waldhaeusl.de\/cz\/wp-json\/wp\/v2\/comments?post=2247"}],"version-history":[{"count":13,"href":"https:\/\/kiga-waldhaeusl.de\/cz\/wp-json\/wp\/v2\/pages\/2247\/revisions"}],"predecessor-version":[{"id":2271,"href":"https:\/\/kiga-waldhaeusl.de\/cz\/wp-json\/wp\/v2\/pages\/2247\/revisions\/2271"}],"wp:attachment":[{"href":"https:\/\/kiga-waldhaeusl.de\/cz\/wp-json\/wp\/v2\/media?parent=2247"}],"curies":[{"name":"wp","href":"https:\/\/api.w.org\/{rel}","templated":true}]}}