{"id":882,"date":"2017-10-03T08:14:57","date_gmt":"2017-10-03T08:14:57","guid":{"rendered":"https:\/\/velikorodnov.com\/dev\/owlhouse\/?page_id=882"},"modified":"2026-01-06T14:55:52","modified_gmt":"2026-01-06T13:55:52","slug":"home-1","status":"publish","type":"page","link":"https:\/\/kiga-waldhaeusl.de\/cz\/","title":{"rendered":"Home"},"content":{"rendered":"<p>[vc_row][vc_column][rev_slider_vc alias=&#8220;slider-cz4&#8243;][\/vc_column][\/vc_row][vc_row css=&#8220;.vc_custom_1506515745766{margin-top: 0px !important;margin-bottom: 0px !important;padding-top: 0px !important;padding-bottom: 0px !important;}&#8220;][vc_column css=&#8220;.vc_custom_1506515782918{margin-top: -100px !important;}&#8220;][vc_mad_welcome_list values=&#8220;%5B%7B%22image%22%3A%221993%22%2C%22label%22%3A%22RODINN%C3%81%20SCHR%C3%81NKA%22%2C%22link%22%3A%22url%3Ahttps%253A%252F%252Fkiga-waldhaeusl.de%252Fcz%252Ffamilienbox%252F%7Ctitle%3A%2520Zjist%25C4%259Bte%2520v%25C3%25ADce%7C%7C%22%2C%22value%22%3A%22Zde%20najdete%20mo%C5%BEnosti%20tr%C3%A1ven%C3%AD%20voln%C3%A9ho%20%C4%8Dasu%20(pokusy%2C%20d%C4%9Btsk%C3%A9%20r%C3%BDmy%2C%20outdoorov%C3%A9%20hry)%22%2C%22bg_color%22%3A%22%23ffbd0a%22%2C%22icon%22%3A%22licon-baby-bottle%22%7D%2C%7B%22image%22%3A%221826%22%2C%22label%22%3A%22ZDRAV%C3%89%20J%C3%8DDLO%22%2C%22link%22%3A%22url%3Ahttps%253A%252F%252Fkiga-waldhaeusl.de%252Fcz%252Fgesundes-essen%252F%7Ctitle%3A%2520Zjist%25C4%259Bte%2520v%25C3%25ADce%7C%7C%22%2C%22value%22%3A%22D%C4%9Btsk%C3%BD%20d%C5%AFm%20Lesn%C3%AD%20domek%20disponuje%20vlastn%C3%AD%20kuchyn%C3%AD%2C%20ve%20kter%C3%A9%20jsou%20p%C5%99ipravov%C3%A1ny%20%C4%8Derstv%C3%A9%20ob%C4%9Bdy%22%2C%22bg_color%22%3A%22%23a6c437%22%2C%22icon_color%22%3A%22%239bbc31%22%2C%22icon%22%3A%22licon-platter%22%7D%2C%7B%22image%22%3A%221812%22%2C%22label%22%3A%22U%C4%8CEN%C3%8D%20bl%C3%ADzko%20p%C5%99%C3%ADrod%C4%9B%22%2C%22link%22%3A%22url%3Ahttps%253A%252F%252Fkiga-waldhaeusl.de%252Fcz%252Fnaturnahes-lernen%252F%7Ctitle%3A%2520Zjist%25C4%259Bte%2520v%25C3%25ADce%7Ctarget%3A%2520_blank%7C%22%2C%22value%22%3A%22Na%C5%A1e%20poloha%20v%20%C5%BDitavsk%C3%BDch%20hor%C3%A1ch%20a%20oblasti%20mate%C5%99sk%C3%BDch%20%C5%A1kol%20nab%C3%ADz%C3%AD%20ide%C3%A1ln%C3%AD%20podm%C3%ADnky%22%2C%22bg_color%22%3A%22%23f05a21%22%2C%22icon_color%22%3A%22%23ee511e%22%2C%22icon%22%3A%22licon-graduation-hat%22%7D%5D&#8220; columns=&#8220;fx-col-3&#8243;][\/vc_column][\/vc_row][vc_row css=&#8220;.vc_custom_1511011361412{padding-top: 90px !important;padding-bottom: 70px !important;}&#8220;][vc_column offset=&#8220;vc_col-lg-12 vc_col-md-12 vc_col-xs-12&#8243;][vc_column_text css=&#8220;.vc_custom_1579247536964{margin-bottom: 25px !important;padding-bottom: 0px !important;}&#8220;]<\/p>\n<h2>V\u00edtejte v \u201eLesn\u00edm domku\u201c e. V.<\/h2>\n<p>[\/vc_column_text][vc_column_text css=&#8220;.vc_custom_1579247574996{margin-bottom: 50px !important;padding-bottom: 0px !important;}&#8220;]<\/p>\n<h4>Spolek<\/h4>\n<p>Spolek je z\u0159izovatelem d\u011btsk\u00e9ho domu. Toto d\u011btsk\u00e9 za\u0159\u00edzen\u00ed bylo postaveno eichgrabensk\u00fdmi rodi\u010di v polovin\u011b 50. let minul\u00e9ho stolet\u00ed a v roce 1991 bylo p\u0159evzato nest\u00e1tn\u00ed organizac\u00ed Spolek AG P\u0159ed\u0161koln\u00ed d\u00edt\u011b, kter\u00fd byl zalo\u017een v \u017ditav\u011b na podzim politick\u00e9ho obratu v roce 1990 a jako hlavn\u00ed c\u00edl m\u011bl: provoz d\u011btsk\u00e9ho domu.<\/p>\n<p>T\u00edm, \u017ee se p\u0159edstavenstvo spolku postaralo o zaji\u0161t\u011bn\u00ed finan\u010dn\u00edch prost\u0159edk\u016f od st\u00e1tu a obce, mohla se v roce 1993 uskute\u010dnit rekontrukce a p\u0159estavba vhodn\u00e1 pro posti\u017een\u00e9.<\/p>\n<p>Od roku 1998 nese spolek jm\u00e9no \u201eWaldh\u00e4usl (Lesn\u00ed domek) e. V.\u201c.<\/p>\n<h4>P\u0159edstavenstvo<\/h4>\n<p>\u0159\u00edd\u00ed jm\u00e9nem \u010dlen\u016f spolek, jeho\u017e hlavn\u00ed smysl tkv\u00ed v provozov\u00e1n\u00ed idylicky pole\u017een\u00e9ho d\u011btsk\u00e9ho domu. Nadto chce ale spolek tak\u00e9 nab\u00edzet pr\u00e1ci pro ve\u0159ejnost, cht\u011bl by b\u00fdt d\u011btem a rodi\u010d\u016fm n\u00e1pomocn\u00fd v ot\u00e1zk\u00e1ch v\u00fdchovy, p\u0159i probl\u00e9mech a nab\u00edzet r\u016fzn\u00e9 \u010dinnosti. Za t\u00edmto \u00fa\u010delem spolek vyu\u017e\u00edv\u00e1 nejr\u016fzn\u011bj\u0161\u00ed projekty, o kter\u00e9 st\u0159\u00eddav\u011b \u017e\u00e1d\u00e1 a je\u017e potom slou\u017e\u00ed k tomu, \u017ee tuto pr\u00e1ci pro ve\u0159ejnost nab\u00edzej\u00ed. K t\u011bmto projekt\u016fm jsou zv\u00e1ny tak\u00e9 d\u011bti, kter\u00e9 n\u00e1\u0161 d\u011btsk\u00fd d\u016fm nenav\u0161t\u011bvuj\u00ed. T\u00edm mohou na\u0161e dal\u0161\u00ed nab\u00eddky vyu\u017e\u00edvat d\u011bti z bl\u00edzk\u00e9ho okol\u00ed, ale i z okoln\u00edch obc\u00ed a \u010desk\u00e9 d\u011bti.[\/vc_column_text][vc_mad_info_block tag_title=&#8220;h2&#8243; type=&#8220;type-6&#8243; columns=&#8220;2&#8243;][vc_mad_info_block_item icon=&#8220;licon-tie&#8220; title=&#8220;VOLN\u00c1 M\u00cdSTA V D\u011aTSK\u00c9M DOM\u011a&#8220; icon_color=&#8220;#d5d5d5&#8243; title_item_color=&#8220;#f05a21&#8243; btn_color=&#8220;#f05a21&#8243; link=&#8220;url:https%3A%2F%2Fkiga-waldhaeusl.de%2Ffoej-im-integrativen-kinderhaus-waldhaeusl%2F|title:K%20nab%C3%ADdce||&#8220;]F\u00d6J (Dobrovoln\u00fd ekologick\u00fd rok) &#038; m\u00edsta pro praktikanty s maturitou a \u017e\u00e1ky odborn\u00fdch \u0161kol[\/vc_mad_info_block_item][vc_mad_info_block_item icon=&#8220;licon-tie&#8220; title=&#8220;VOLN\u00c1 M\u00cdSTA V \u201eERFINDERKISTE (TRUHLA PLN\u00c1 OBJEV\u016e)\u201c&#8220; icon_color=&#8220;#d5d5d5&#8243; title_item_color=&#8220;#f05a21&#8243; btn_color=&#8220;#f05a21&#8243; link=&#8220;url:https%3A%2F%2Fkiga-waldhaeusl.de%2Ffoej-in-der-experimentier-und-lernwerkstatt-erfinderkiste%2F|title:K%20nab%C3%ADdce||&#8220;]F\u00d6J (Dobrovoln\u00fd ekologick\u00fd rok) &#038; m\u00edsta pro praktikanty s maturitou a \u017e\u00e1ky odborn\u00fdch \u0161kol[\/vc_mad_info_block_item][\/vc_mad_info_block][\/vc_column][\/vc_row][vc_row full_width=&#8220;stretch_row&#8220; parallax=&#8220;content-moving&#8220; parallax_image=&#8220;415&#8243; css=&#8220;.vc_custom_1528102747667{padding-top: 90px !important;padding-bottom: 70px !important;}&#8220;][vc_column][vc_mad_info_block tag_title=&#8220;h2&#8243; title_align=&#8220;align-center&#8220; description_align=&#8220;align-center&#8220; columns=&#8220;3&#8243; font_container_title=&#8220;tag:h2|text_align:left|color:%23ffffff&#8220; font_container_description=&#8220;text_align:center|color:%23ffffff&#8220; title=&#8220;Na\u0161e nab\u00eddka&#8220; title_color=&#8220;#ffffff&#8220; description_color=&#8220;#ffffff&#8220;][vc_mad_info_block_item icon=&#8220;licon-group-work&#8220; title=&#8220;Skupinov\u00e1 pr\u00e1ce&#8220; icon_color=&#8220;#ffffff&#8220; title_item_color=&#8220;#ffffff&#8220;]<span style=\"color: #e9e9e9;\">Psychomotorick\u00e1 skupinov\u00e1 pr\u00e1ce ka\u017edou st\u0159edu (p\u0159edchoz\u00ed nahl\u00e1\u0161en\u00ed nutn\u00e9)<\/span>[\/vc_mad_info_block_item][vc_mad_info_block_item icon=&#8220;licon-spotlights&#8220; title=&#8220;Akce&#8220; icon_color=&#8220;#ffffff&#8220; title_item_color=&#8220;#ffffff&#8220;]<span style=\"color: #e9e9e9;\">Prov\u00e1d\u011bn\u00ed d\u011btsk\u00fdch oslav pro spolkov\u00e9 a m\u011bstsk\u00e9 sv\u00e1tky<\/span>[\/vc_mad_info_block_item][vc_mad_info_block_item icon=&#8220;licon-users2&#8243; title=&#8220;Poradenstv\u00ed&#8220; icon_color=&#8220;#ffffff&#8220; title_item_color=&#8220;#ffffff&#8220;]<span style=\"color: #e9e9e9;\">Poradenstv\u00ed p\u0159i ot\u00e1zk\u00e1ch integrace v oblasti p\u0159ed\u0161koln\u00edch za\u0159\u00edzen\u00ed<\/span>[\/vc_mad_info_block_item][\/vc_mad_info_block][vc_mad_info_block tag_title=&#8220;h2&#8243; columns=&#8220;3&#8243; title_color=&#8220;#ffffff&#8220; description_color=&#8220;#ffffff&#8220;][vc_mad_info_block_item icon=&#8220;licon-bubble-pencil&#8220; title=&#8220;Nab\u00eddky&#8220; icon_color=&#8220;#ffffff&#8220; title_item_color=&#8220;#ffffff&#8220;]<span style=\"color: #e9e9e9;\">Nab\u00eddky pro rodi\u010de s d\u011btmi v \u201cErfinderkiste (Truhle pln\u00e9 objev\u016f)\u201c Oderwitz a v \u201eRumfahrkiste (prostoru pro voln\u00e9 je\u017ed\u011bn\u00ed)\u201c (oboje ve stejn\u00e9m dom\u011b).<\/span>[\/vc_mad_info_block_item][vc_mad_info_block_item icon=&#8220;licon-run&#8220; title=&#8220;Sport&#8220; icon_color=&#8220;#ffffff&#8220; title_item_color=&#8220;#ffffff&#8220;]<span style=\"color: #e9e9e9;\">Mate\u0159sk\u00e1 \u0161kolka vlastn\u00ed svou t\u011blocvi\u010dnu, ve kter\u00e9 se d\u011bti mohou sportovn\u011b pohybovat<\/span>[\/vc_mad_info_block_item][vc_mad_info_block_item icon=&#8220;licon-guitar&#8220; title=&#8220;Hudba&#8220; icon_color=&#8220;#ffffff&#8220; title_item_color=&#8220;#ffffff&#8220;]<span style=\"color: #e9e9e9;\">Hudba je pro d\u011bti d\u016fle\u017eit\u00fdm stavebn\u00edm prvkem, proto d\u011bti ka\u017ed\u00fd den hudebn\u011b doprov\u00e1z\u00edme a nab\u00edz\u00edme jednou t\u00fddn\u011b hudebn\u00ed\/kytarovou v\u00fduku.<\/span>[\/vc_mad_info_block_item][\/vc_mad_info_block][\/vc_column][\/vc_row][vc_row full_width=&#8220;stretch_row_content_no_spaces&#8220; css=&#8220;.vc_custom_1506583915675{margin-top: 0px !important;margin-bottom: 0px !important;padding-top: 0px !important;padding-bottom: 0px !important;}&#8220;][vc_column width=&#8220;1\/2&#8243;][vc_single_image image=&#8220;759&#8243; img_size=&#8220;full&#8220; css=&#8220;.vc_custom_1506586264341{margin-top: 0px !important;margin-bottom: 0px !important;padding-top: 0px !important;padding-bottom: 0px !important;}&#8220;][\/vc_column][vc_column width=&#8220;1\/2&#8243; css=&#8220;.vc_custom_1574165327472{padding-top: 70px !important;padding-left: 50px !important;}&#8220;][vc_column_text]<\/p>\n<h3>Zvl\u00e1\u0161tnosti v za\u0159\u00edzen\u00ed<\/h3>\n<ul>\n<li>\n<h5>vlastn\u00ed autobus<\/h5>\n<\/li>\n<li>\n<h5>denn\u011b \u010derstv\u011b p\u0159ipravovan\u00e1 j\u00eddla<\/h5>\n<\/li>\n<li>\n<h5>v\u00fduka hry na kytaru<\/h5>\n<\/li>\n<li>\n<h5>hry a sportovn\u00ed nab\u00eddky<\/h5>\n<\/li>\n<li>\n<h5>v\u00fdukov\u00fd kurs \u010de\u0161tiny<\/h5>\n<\/li>\n<li>\n<h5>p\u0159\u00e1telsk\u00fd person\u00e1l<\/h5>\n<\/li>\n<li>\n<h5>v srdci \u017ditavsk\u00fdch hor<\/h5>\n<\/li>\n<li>\n<h5>velk\u00e1 p\u0159\u00edrodn\u00ed a z\u00e1\u017eitkov\u00e1 zahrada, les bl\u00edzko<\/h5>\n<\/li>\n<li>\n<h5>zkoum\u00e1n\u00ed a objevov\u00e1n\u00ed ve v\u0161edn\u00ed den<\/h5>\n<\/li>\n<li>\n<h5>Skupina badatel\u016f<\/h5>\n<\/li>\n<\/ul>\n<p>[\/vc_column_text][\/vc_column][\/vc_row][vc_row full_width=&#8220;stretch_row&#8220; css=&#8220;.vc_custom_1513249637521{padding-top: 90px !important;padding-bottom: 90px !important;background: #ffbd0a url(http:\/\/kiga-waldhaeusl.de\/wp-content\/uploads\/2017\/08\/1920x211_bg-2.png?id=765) !important;}&#8220;][vc_column][vc_mad_counter values=&#8220;%5B%7B%22label%22%3A%22let%20zku%C5%A1enost%C3%AD%22%2C%22value%22%3A%2230%22%2C%22icon%22%3A%22none%22%7D%2C%7B%22label%22%3A%22pracovn%C3%ADk%C5%AF%22%2C%22value%22%3A%2215%22%2C%22icon%22%3A%22none%22%7D%2C%7B%22label%22%3A%22%C5%A1%C5%A5astn%C3%BDch%20d%C4%9Bt%C3%AD%22%2C%22value%22%3A%2259%22%2C%22icon%22%3A%22none%22%7D%2C%7B%22label%22%3A%22dn%C3%AD%20v%20t%C3%BDdnu%22%2C%22value%22%3A%225%22%2C%22icon%22%3A%22%20%22%7D%5D&#8220; title=&#8220;proto\u017ee my&#8220; description=&#8220;RODI\u010cE SE PRO N\u00c1S ROZHODUJ\u00cd&#8220; title_color=&#8220;#ffffff&#8220; description_color=&#8220;#ffffff&#8220; number_color=&#8220;#ffffff&#8220; label_color=&#8220;#ffffff&#8220; icon_color=&#8220;#ffffff&#8220;][\/vc_column][\/vc_row][vc_row css=&#8220;.vc_custom_1511001651811{padding-top: 50px !important;padding-bottom: 50px !important;}&#8220;][vc_column][vc_mad_cta h2=&#8220;DOTAZ NA M\u00cdSTO VE \u0160KOLCE\/JESL\u00cdCH&#8220; p=&#8220;L\u00edb\u00ed se v\u00e1m n\u00e1\u0161 koncept? Pak n\u00e1s t\u011b\u0161\u00ed v\u00e1\u0161 z\u00e1jem o um\u00edst\u011bn\u00ed va\u0161eho d\u00edt\u011bte v na\u0161em dom\u011b a v\u00e1\u0161 nez\u00e1vazn\u00fd dotaz! V\u00e1\u0161 dotaz aktu\u00e1ln\u011b zpracujeme.&#8220; add=&#8220;button&#8220; add_second_button=&#8220;1&#8243; custom_text=&#8220;#666666&#8243; subheading_text=&#8220;#666666&#8243; link=&#8220;url:https%3A%2F%2Fkiga-waldhaeusl.de%2Fcz%2Fkontakt%2F|title:Kontakt||&#8220; custom_button_color=&#8220;#ffffff&#8220; second_link=&#8220;03583 684263&#8243; second_link_title=&#8220;nebo telefon&#8220;][\/vc_column][\/vc_row][vc_row][vc_column][vc_mad_events order=&#8220;ASC&#8220; items=&#8220;10&#8243; carousel=&#8220;yes&#8220; title=&#8220;D\u016fle\u017eit\u00e9 term\u00edny&#8220;][\/vc_column][\/vc_row]<\/p>\n","protected":false},"excerpt":{"rendered":"<p>[vc_row][vc_column][rev_slider_vc alias=&#8220;slider-cz4&#8243;][\/vc_column][\/vc_row][vc_row css=&#8220;.vc_custom_1506515745766{margin-top: 0px !important;margin-bottom: 0px !important;padding-top: 0px !important;padding-bottom: 0px !important;}&#8220;][vc_column css=&#8220;.vc_custom_1506515782918{margin-top: -100px !important;}&#8220;][vc_mad_welcome_list values=&#8220;%5B%7B%22image%22%3A%221993%22%2C%22label%22%3A%22RODINN%C3%81%20SCHR%C3%81NKA%22%2C%22link%22%3A%22url%3Ahttps%253A%252F%252Fkiga-waldhaeusl.de%252Fcz%252Ffamilienbox%252F%7Ctitle%3A%2520Zjist%25C4%259Bte%2520v%25C3%25ADce%7C%7C%22%2C%22value%22%3A%22Zde%20najdete%20mo%C5%BEnosti%20tr%C3%A1ven%C3%AD%20voln%C3%A9ho%20%C4%8Dasu%20(pokusy%2C%20d%C4%9Btsk%C3%A9%20r%C3%BDmy%2C%20outdoorov%C3%A9%20hry)%22%2C%22bg_color%22%3A%22%23ffbd0a%22%2C%22icon%22%3A%22licon-baby-bottle%22%7D%2C%7B%22image%22%3A%221826%22%2C%22label%22%3A%22ZDRAV%C3%89%20J%C3%8DDLO%22%2C%22link%22%3A%22url%3Ahttps%253A%252F%252Fkiga-waldhaeusl.de%252Fcz%252Fgesundes-essen%252F%7Ctitle%3A%2520Zjist%25C4%259Bte%2520v%25C3%25ADce%7C%7C%22%2C%22value%22%3A%22D%C4%9Btsk%C3%BD%20d%C5%AFm%20Lesn%C3%AD%20domek%20disponuje%20vlastn%C3%AD%20kuchyn%C3%AD%2C%20ve%20kter%C3%A9%20jsou%20p%C5%99ipravov%C3%A1ny%20%C4%8Derstv%C3%A9%20ob%C4%9Bdy%22%2C%22bg_color%22%3A%22%23a6c437%22%2C%22icon_color%22%3A%22%239bbc31%22%2C%22icon%22%3A%22licon-platter%22%7D%2C%7B%22image%22%3A%221812%22%2C%22label%22%3A%22U%C4%8CEN%C3%8D%20bl%C3%ADzko%20p%C5%99%C3%ADrod%C4%9B%22%2C%22link%22%3A%22url%3Ahttps%253A%252F%252Fkiga-waldhaeusl.de%252Fcz%252Fnaturnahes-lernen%252F%7Ctitle%3A%2520Zjist%25C4%259Bte%2520v%25C3%25ADce%7Ctarget%3A%2520_blank%7C%22%2C%22value%22%3A%22Na%C5%A1e%20poloha%20v%20%C5%BDitavsk%C3%BDch%20hor%C3%A1ch%20a%20oblasti%20mate%C5%99sk%C3%BDch%20%C5%A1kol%20nab%C3%ADz%C3%AD%20ide%C3%A1ln%C3%AD%20podm%C3%ADnky%22%2C%22bg_color%22%3A%22%23f05a21%22%2C%22icon_color%22%3A%22%23ee511e%22%2C%22icon%22%3A%22licon-graduation-hat%22%7D%5D&#8220; columns=&#8220;fx-col-3&#8243;][\/vc_column][\/vc_row][vc_row css=&#8220;.vc_custom_1511011361412{padding-top: 90px !important;padding-bottom: 70px !important;}&#8220;][vc_column offset=&#8220;vc_col-lg-12 vc_col-md-12 vc_col-xs-12&#8243;][vc_column_text css=&#8220;.vc_custom_1579247536964{margin-bottom: 25px !important;padding-bottom: 0px !important;}&#8220;] V\u00edtejte v \u201eLesn\u00edm domku\u201c e. V. [\/vc_column_text][vc_column_text css=&#8220;.vc_custom_1579247574996{margin-bottom: 50px !important;padding-bottom: 0px !important;}&#8220;] Spolek Spolek je z\u0159izovatelem d\u011btsk\u00e9ho domu. Toto d\u011btsk\u00e9 za\u0159\u00edzen\u00ed bylo postaveno eichgrabensk\u00fdmi rodi\u010di v [&hellip;]<\/p>\n","protected":false},"author":1,"featured_media":0,"parent":0,"menu_order":0,"comment_status":"closed","ping_status":"closed","template":"","meta":[],"_links":{"self":[{"href":"https:\/\/kiga-waldhaeusl.de\/cz\/wp-json\/wp\/v2\/pages\/882"}],"collection":[{"href":"https:\/\/kiga-waldhaeusl.de\/cz\/wp-json\/wp\/v2\/pages"}],"about":[{"href":"https:\/\/kiga-waldhaeusl.de\/cz\/wp-json\/wp\/v2\/types\/page"}],"author":[{"embeddable":true,"href":"https:\/\/kiga-waldhaeusl.de\/cz\/wp-json\/wp\/v2\/users\/1"}],"replies":[{"embeddable":true,"href":"https:\/\/kiga-waldhaeusl.de\/cz\/wp-json\/wp\/v2\/comments?post=882"}],"version-history":[{"count":166,"href":"https:\/\/kiga-waldhaeusl.de\/cz\/wp-json\/wp\/v2\/pages\/882\/revisions"}],"predecessor-version":[{"id":2512,"href":"https:\/\/kiga-waldhaeusl.de\/cz\/wp-json\/wp\/v2\/pages\/882\/revisions\/2512"}],"wp:attachment":[{"href":"https:\/\/kiga-waldhaeusl.de\/cz\/wp-json\/wp\/v2\/media?parent=882"}],"curies":[{"name":"wp","href":"https:\/\/api.w.org\/{rel}","templated":true}]}}